{"id":998,"date":"2025-11-07T15:29:30","date_gmt":"2025-11-07T14:29:30","guid":{"rendered":"https:\/\/totaltogether.com\/?post_type=product&#038;p=998"},"modified":"2025-11-07T15:34:11","modified_gmt":"2025-11-07T14:34:11","slug":"eclipse-t-shirt-spain-2026-chaser-collection","status":"publish","type":"product","link":"https:\/\/totaltogether.com\/es\/producto\/eclipse-t-shirt-spain-2026-chaser-collection\/","title":{"rendered":"Camiseta Eclipse Espa\u00f1a 2026 \u201cChaser Collection\u201d"},"content":{"rendered":"<p>Una edici\u00f3n de coleccionista para los aut\u00e9nticos cazadores de eclipses. El anverso muestra el ic\u00f3nico <em data-start=\"133\" data-end=\"148\" data-is-only-node=\"\">TotalTogether<\/em> toro con <em data-start=\"159\" data-end=\"188\">Eclipse Chaser - Espa\u00f1a 2026<\/em>, mientras que el reverso muestra el dise\u00f1o del anillo de la corona solar, que simboliza la unidad en la totalidad.<\/p>\n<p>Se trata de un\u00a0<strong data-start=\"404\" data-end=\"422\">dise\u00f1o conceptual<\/strong>\u00a0creado para medir el inter\u00e9s.\u00a0<strong data-start=\"519\" data-end=\"581\" data-is-last-node=\"\">La producci\u00f3n comenzar\u00e1 cuando se reciban suficientes pedidos.\u00a0<\/strong>Pueden producirse peque\u00f1os ajustes en el color o la impresi\u00f3n antes de la producci\u00f3n.<\/p>","protected":false},"excerpt":{"rendered":"<p>A collector\u2019s edition for true eclipse chasers. The front features the iconic TotalTogether bull with Eclipse Chaser \u2013 Spain 2026, while the back displays the solar corona ring design symbolizing [&hellip;]<\/p>\n","protected":false},"featured_media":999,"comment_status":"closed","ping_status":"closed","template":"","meta":{"_price":"29.50","_stock":"","_tribe_ticket_header":"","_tribe_default_ticket_provider":"","_tribe_ticket_capacity":"0","_ticket_start_date":"","_ticket_end_date":"","_tribe_ticket_show_description":"","_tribe_ticket_show_not_going":false,"_tribe_ticket_use_global_stock":"","_tribe_ticket_global_stock_level":"","_global_stock_mode":"","_global_stock_cap":"","_tribe_rsvp_for_event":"","_tribe_ticket_going_count":"","_tribe_ticket_not_going_count":"","_tribe_tickets_list":"[]","_tribe_ticket_has_attendee_info_fields":false,"_EventAllDay":false,"_EventTimezone":"","_EventStartDate":"","_EventEndDate":"","_EventStartDateUTC":"","_EventEndDateUTC":"","_EventShowMap":false,"_EventShowMapLink":false,"_EventURL":"","_EventCost":"","_EventCostDescription":"","_EventCurrencySymbol":"","_EventCurrencyCode":"","_EventCurrencyPosition":"","_EventDateTimeSeparator":"","_EventTimeRangeSeparator":"","_EventOrganizerID":[],"_EventVenueID":[],"_OrganizerEmail":"","_OrganizerPhone":"","_OrganizerWebsite":"","_VenueAddress":"","_VenueCity":"","_VenueCountry":"","_VenueProvince":"","_VenueState":"","_VenueZip":"","_VenuePhone":"","_VenueURL":"","_VenueStateProvince":"","_VenueLat":"","_VenueLng":"","_VenueShowMap":false,"_VenueShowMapLink":false},"product_brand":[],"product_cat":[26],"product_tag":[],"class_list":{"0":"post-998","1":"product","2":"type-product","3":"status-publish","4":"has-post-thumbnail","6":"product_cat-merchandise","8":"first","9":"instock","10":"shipping-taxable","11":"purchasable","12":"product-type-simple"},"aioseo_notices":[],"_links":{"self":[{"href":"https:\/\/totaltogether.com\/es\/wp-json\/wp\/v2\/product\/998","targetHints":{"allow":["GET"]}}],"collection":[{"href":"https:\/\/totaltogether.com\/es\/wp-json\/wp\/v2\/product"}],"about":[{"href":"https:\/\/totaltogether.com\/es\/wp-json\/wp\/v2\/types\/product"}],"replies":[{"embeddable":true,"href":"https:\/\/totaltogether.com\/es\/wp-json\/wp\/v2\/comments?post=998"}],"wp:featuredmedia":[{"embeddable":true,"href":"https:\/\/totaltogether.com\/es\/wp-json\/wp\/v2\/media\/999"}],"wp:attachment":[{"href":"https:\/\/totaltogether.com\/es\/wp-json\/wp\/v2\/media?parent=998"}],"wp:term":[{"taxonomy":"product_brand","embeddable":true,"href":"https:\/\/totaltogether.com\/es\/wp-json\/wp\/v2\/product_brand?post=998"},{"taxonomy":"product_cat","embeddable":true,"href":"https:\/\/totaltogether.com\/es\/wp-json\/wp\/v2\/product_cat?post=998"},{"taxonomy":"product_tag","embeddable":true,"href":"https:\/\/totaltogether.com\/es\/wp-json\/wp\/v2\/product_tag?post=998"}],"curies":[{"name":"wp","href":"https:\/\/api.w.org\/{rel}","templated":true}]}}