{"id":995,"date":"2025-11-07T15:16:00","date_gmt":"2025-11-07T14:16:00","guid":{"rendered":"https:\/\/totaltogether.com\/?post_type=product&#038;p=995"},"modified":"2025-11-07T15:31:43","modified_gmt":"2025-11-07T14:31:43","slug":"totality-t-shirt-spain-2026-path-of-totality-edition","status":"publish","type":"product","link":"https:\/\/totaltogether.com\/es\/producto\/totality-t-shirt-spain-2026-path-of-totality-edition\/","title":{"rendered":"Camiseta de la Totalidad Espa\u00f1a 2026 \u201cEdici\u00f3n Camino de la Totalidad\u201d"},"content":{"rendered":"<p>Muestra tu lugar en el camino de la totalidad con este llamativo dise\u00f1o de tem\u00e1tica espa\u00f1ola. Con una suave silueta de mapa y un arco de eclipse dorado, esta camiseta captura la ruta del Eclipse Solar Total de 2026 a trav\u00e9s de la Pen\u00ednsula Ib\u00e9rica.<\/p>\n<p>Se trata de un\u00a0<strong data-start=\"384\" data-end=\"402\">dise\u00f1o conceptual<\/strong>\u00a0creado para medir el inter\u00e9s.\u00a0<strong data-start=\"504\" data-end=\"566\" data-is-last-node=\"\">La producci\u00f3n comenzar\u00e1 cuando se reciban suficientes pedidos.\u00a0<\/strong>Pueden producirse peque\u00f1os ajustes en el color o el bordado antes de la producci\u00f3n.<\/p>","protected":false},"excerpt":{"rendered":"<p>Show your place in the path of totality with this striking Spain-themed design. Featuring a soft map silhouette and golden eclipse arc, this shirt captures the route of the 2026 [&hellip;]<\/p>\n","protected":false},"featured_media":997,"comment_status":"closed","ping_status":"closed","template":"","meta":{"_price":"24.95","_stock":"","_tribe_ticket_header":"","_tribe_default_ticket_provider":"","_tribe_ticket_capacity":"0","_ticket_start_date":"","_ticket_end_date":"","_tribe_ticket_show_description":"","_tribe_ticket_show_not_going":false,"_tribe_ticket_use_global_stock":"","_tribe_ticket_global_stock_level":"","_global_stock_mode":"","_global_stock_cap":"","_tribe_rsvp_for_event":"","_tribe_ticket_going_count":"","_tribe_ticket_not_going_count":"","_tribe_tickets_list":"[]","_tribe_ticket_has_attendee_info_fields":false,"_EventAllDay":false,"_EventTimezone":"","_EventStartDate":"","_EventEndDate":"","_EventStartDateUTC":"","_EventEndDateUTC":"","_EventShowMap":false,"_EventShowMapLink":false,"_EventURL":"","_EventCost":"","_EventCostDescription":"","_EventCurrencySymbol":"","_EventCurrencyCode":"","_EventCurrencyPosition":"","_EventDateTimeSeparator":"","_EventTimeRangeSeparator":"","_EventOrganizerID":[],"_EventVenueID":[],"_OrganizerEmail":"","_OrganizerPhone":"","_OrganizerWebsite":"","_VenueAddress":"","_VenueCity":"","_VenueCountry":"","_VenueProvince":"","_VenueState":"","_VenueZip":"","_VenuePhone":"","_VenueURL":"","_VenueStateProvince":"","_VenueLat":"","_VenueLng":"","_VenueShowMap":false,"_VenueShowMapLink":false},"product_brand":[],"product_cat":[26],"product_tag":[],"class_list":{"0":"post-995","1":"product","2":"type-product","3":"status-publish","4":"has-post-thumbnail","6":"product_cat-merchandise","8":"first","9":"instock","10":"shipping-taxable","11":"purchasable","12":"product-type-simple"},"aioseo_notices":[],"_links":{"self":[{"href":"https:\/\/totaltogether.com\/es\/wp-json\/wp\/v2\/product\/995","targetHints":{"allow":["GET"]}}],"collection":[{"href":"https:\/\/totaltogether.com\/es\/wp-json\/wp\/v2\/product"}],"about":[{"href":"https:\/\/totaltogether.com\/es\/wp-json\/wp\/v2\/types\/product"}],"replies":[{"embeddable":true,"href":"https:\/\/totaltogether.com\/es\/wp-json\/wp\/v2\/comments?post=995"}],"wp:featuredmedia":[{"embeddable":true,"href":"https:\/\/totaltogether.com\/es\/wp-json\/wp\/v2\/media\/997"}],"wp:attachment":[{"href":"https:\/\/totaltogether.com\/es\/wp-json\/wp\/v2\/media?parent=995"}],"wp:term":[{"taxonomy":"product_brand","embeddable":true,"href":"https:\/\/totaltogether.com\/es\/wp-json\/wp\/v2\/product_brand?post=995"},{"taxonomy":"product_cat","embeddable":true,"href":"https:\/\/totaltogether.com\/es\/wp-json\/wp\/v2\/product_cat?post=995"},{"taxonomy":"product_tag","embeddable":true,"href":"https:\/\/totaltogether.com\/es\/wp-json\/wp\/v2\/product_tag?post=995"}],"curies":[{"name":"wp","href":"https:\/\/api.w.org\/{rel}","templated":true}]}}