{"id":981,"date":"2025-11-07T14:23:25","date_gmt":"2025-11-07T13:23:25","guid":{"rendered":"https:\/\/totaltogether.com\/?post_type=product&#038;p=981"},"modified":"2025-11-07T15:22:12","modified_gmt":"2025-11-07T14:22:12","slug":"eclipse-t-shirt-spain-2026-map-edition-sand","status":"publish","type":"product","link":"https:\/\/totaltogether.com\/es\/producto\/eclipse-t-shirt-spain-2026-map-edition-sand\/","title":{"rendered":"Camiseta de la Totalidad Espa\u00f1a 2026 \u201cEdici\u00f3n Mapa\u201d"},"content":{"rendered":"<p>En esta camiseta se puede leer <em data-start=\"211\" data-end=\"238\">\u201cEn el camino de la Totalidad\u201d<\/em> con la fecha <em data-start=\"253\" data-end=\"265\">12.08.2026<\/em> sutilmente integrado en el dise\u00f1o del mapa del reverso. Un homenaje limpio y elegante al eclipse total de sol de 2026 en toda Espa\u00f1a.<\/p>\n<p>Se trata de un <strong data-start=\"404\" data-end=\"422\">dise\u00f1o conceptual<\/strong> creado para medir el inter\u00e9s. <strong data-start=\"519\" data-end=\"581\" data-is-last-node=\"\">La producci\u00f3n comenzar\u00e1 cuando se reciban suficientes pedidos. <\/strong>Pueden producirse peque\u00f1os ajustes en el color o la impresi\u00f3n antes de la producci\u00f3n.<\/p>","protected":false},"excerpt":{"rendered":"<p>This T-shirt features the words \u201cIn the path of Totality\u201d with the date 12.08.2026 subtly integrated into the map design on the back. A clean, elegant tribute to the 2026 [&hellip;]<\/p>\n","protected":false},"featured_media":982,"comment_status":"closed","ping_status":"closed","template":"","meta":{"_price":"24.95","_stock":"","_tribe_ticket_header":"","_tribe_default_ticket_provider":"","_tribe_ticket_capacity":"0","_ticket_start_date":"","_ticket_end_date":"","_tribe_ticket_show_description":"","_tribe_ticket_show_not_going":false,"_tribe_ticket_use_global_stock":"","_tribe_ticket_global_stock_level":"","_global_stock_mode":"","_global_stock_cap":"","_tribe_rsvp_for_event":"","_tribe_ticket_going_count":"","_tribe_ticket_not_going_count":"","_tribe_tickets_list":"[]","_tribe_ticket_has_attendee_info_fields":false,"_EventAllDay":false,"_EventTimezone":"","_EventStartDate":"","_EventEndDate":"","_EventStartDateUTC":"","_EventEndDateUTC":"","_EventShowMap":false,"_EventShowMapLink":false,"_EventURL":"","_EventCost":"","_EventCostDescription":"","_EventCurrencySymbol":"","_EventCurrencyCode":"","_EventCurrencyPosition":"","_EventDateTimeSeparator":"","_EventTimeRangeSeparator":"","_EventOrganizerID":[],"_EventVenueID":[],"_OrganizerEmail":"","_OrganizerPhone":"","_OrganizerWebsite":"","_VenueAddress":"","_VenueCity":"","_VenueCountry":"","_VenueProvince":"","_VenueState":"","_VenueZip":"","_VenuePhone":"","_VenueURL":"","_VenueStateProvince":"","_VenueLat":"","_VenueLng":"","_VenueShowMap":false,"_VenueShowMapLink":false},"product_brand":[],"product_cat":[26],"product_tag":[],"class_list":{"0":"post-981","1":"product","2":"type-product","3":"status-publish","4":"has-post-thumbnail","6":"product_cat-merchandise","8":"first","9":"instock","10":"shipping-taxable","11":"purchasable","12":"product-type-simple"},"aioseo_notices":[],"_links":{"self":[{"href":"https:\/\/totaltogether.com\/es\/wp-json\/wp\/v2\/product\/981","targetHints":{"allow":["GET"]}}],"collection":[{"href":"https:\/\/totaltogether.com\/es\/wp-json\/wp\/v2\/product"}],"about":[{"href":"https:\/\/totaltogether.com\/es\/wp-json\/wp\/v2\/types\/product"}],"replies":[{"embeddable":true,"href":"https:\/\/totaltogether.com\/es\/wp-json\/wp\/v2\/comments?post=981"}],"wp:featuredmedia":[{"embeddable":true,"href":"https:\/\/totaltogether.com\/es\/wp-json\/wp\/v2\/media\/982"}],"wp:attachment":[{"href":"https:\/\/totaltogether.com\/es\/wp-json\/wp\/v2\/media?parent=981"}],"wp:term":[{"taxonomy":"product_brand","embeddable":true,"href":"https:\/\/totaltogether.com\/es\/wp-json\/wp\/v2\/product_brand?post=981"},{"taxonomy":"product_cat","embeddable":true,"href":"https:\/\/totaltogether.com\/es\/wp-json\/wp\/v2\/product_cat?post=981"},{"taxonomy":"product_tag","embeddable":true,"href":"https:\/\/totaltogether.com\/es\/wp-json\/wp\/v2\/product_tag?post=981"}],"curies":[{"name":"wp","href":"https:\/\/api.w.org\/{rel}","templated":true}]}}