{"id":970,"date":"2025-11-07T12:37:49","date_gmt":"2025-11-07T11:37:49","guid":{"rendered":"https:\/\/totaltogether.com\/?post_type=product&#038;p=970"},"modified":"2025-11-07T15:19:51","modified_gmt":"2025-11-07T14:19:51","slug":"eclipse-button-up-shirt","status":"publish","type":"product","link":"https:\/\/totaltogether.com\/es\/producto\/eclipse-button-up-shirt\/","title":{"rendered":"Eclipse Polo Espa\u00f1a 2026"},"content":{"rendered":"<p data-start=\"0\" data-end=\"372\">Este polo presenta un bordado minimalista en el pecho con el emblem\u00e1tico toro espa\u00f1ol y la <em data-start=\"192\" data-end=\"208\">Cazador de eclipses<\/em> mientras que la etiqueta interior y la placa destacan la trayectoria de la totalidad a trav\u00e9s de Espa\u00f1a. Dise\u00f1ada para los viajeros del eclipse que aprecian los detalles sutiles y el estilo atemporal.<\/p>\n<p data-start=\"374\" data-end=\"566\" data-is-last-node=\"\" data-is-only-node=\"\">Se trata de un <strong data-start=\"384\" data-end=\"402\">dise\u00f1o conceptual<\/strong> creado para medir el inter\u00e9s. <strong data-start=\"504\" data-end=\"566\" data-is-last-node=\"\">La producci\u00f3n comenzar\u00e1 cuando se reciban suficientes pedidos. <\/strong>Pueden producirse peque\u00f1os ajustes en el color o el bordado antes de la producci\u00f3n.<\/p>","protected":false},"excerpt":{"rendered":"<p>This polo features a minimalist chest embroidery with the iconic Spanish bull and the Eclipse Chaser mark, while the inner label and tag highlight the path of totality across Spain. [&hellip;]<\/p>\n","protected":false},"featured_media":963,"comment_status":"closed","ping_status":"closed","template":"","meta":{"_price":"29.50","_stock":"","_tribe_ticket_header":"","_tribe_default_ticket_provider":"","_tribe_ticket_capacity":"0","_ticket_start_date":"","_ticket_end_date":"","_tribe_ticket_show_description":"","_tribe_ticket_show_not_going":false,"_tribe_ticket_use_global_stock":"","_tribe_ticket_global_stock_level":"","_global_stock_mode":"","_global_stock_cap":"","_tribe_rsvp_for_event":"","_tribe_ticket_going_count":"","_tribe_ticket_not_going_count":"","_tribe_tickets_list":"[]","_tribe_ticket_has_attendee_info_fields":false,"_EventAllDay":false,"_EventTimezone":"","_EventStartDate":"","_EventEndDate":"","_EventStartDateUTC":"","_EventEndDateUTC":"","_EventShowMap":false,"_EventShowMapLink":false,"_EventURL":"","_EventCost":"","_EventCostDescription":"","_EventCurrencySymbol":"","_EventCurrencyCode":"","_EventCurrencyPosition":"","_EventDateTimeSeparator":"","_EventTimeRangeSeparator":"","_EventOrganizerID":[],"_EventVenueID":[],"_OrganizerEmail":"","_OrganizerPhone":"","_OrganizerWebsite":"","_VenueAddress":"","_VenueCity":"","_VenueCountry":"","_VenueProvince":"","_VenueState":"","_VenueZip":"","_VenuePhone":"","_VenueURL":"","_VenueStateProvince":"","_VenueLat":"","_VenueLng":"","_VenueShowMap":false,"_VenueShowMapLink":false},"product_brand":[],"product_cat":[26],"product_tag":[],"class_list":{"0":"post-970","1":"product","2":"type-product","3":"status-publish","4":"has-post-thumbnail","6":"product_cat-merchandise","8":"first","9":"instock","10":"shipping-taxable","11":"purchasable","12":"product-type-simple"},"aioseo_notices":[],"_links":{"self":[{"href":"https:\/\/totaltogether.com\/es\/wp-json\/wp\/v2\/product\/970","targetHints":{"allow":["GET"]}}],"collection":[{"href":"https:\/\/totaltogether.com\/es\/wp-json\/wp\/v2\/product"}],"about":[{"href":"https:\/\/totaltogether.com\/es\/wp-json\/wp\/v2\/types\/product"}],"replies":[{"embeddable":true,"href":"https:\/\/totaltogether.com\/es\/wp-json\/wp\/v2\/comments?post=970"}],"wp:featuredmedia":[{"embeddable":true,"href":"https:\/\/totaltogether.com\/es\/wp-json\/wp\/v2\/media\/963"}],"wp:attachment":[{"href":"https:\/\/totaltogether.com\/es\/wp-json\/wp\/v2\/media?parent=970"}],"wp:term":[{"taxonomy":"product_brand","embeddable":true,"href":"https:\/\/totaltogether.com\/es\/wp-json\/wp\/v2\/product_brand?post=970"},{"taxonomy":"product_cat","embeddable":true,"href":"https:\/\/totaltogether.com\/es\/wp-json\/wp\/v2\/product_cat?post=970"},{"taxonomy":"product_tag","embeddable":true,"href":"https:\/\/totaltogether.com\/es\/wp-json\/wp\/v2\/product_tag?post=970"}],"curies":[{"name":"wp","href":"https:\/\/api.w.org\/{rel}","templated":true}]}}