{"id":909,"date":"2025-10-31T09:11:03","date_gmt":"2025-10-31T08:11:03","guid":{"rendered":"https:\/\/totaltogether.com\/?page_id=909"},"modified":"2025-11-03T15:21:09","modified_gmt":"2025-11-03T14:21:09","slug":"partner-participation","status":"publish","type":"page","link":"https:\/\/totaltogether.com\/es\/partner-participation\/","title":{"rendered":"Socios y participaci\u00f3n"},"content":{"rendered":"<p>Total Together re\u00fane a la gente bajo el mismo cielo. Viajeros, lugare\u00f1os y so\u00f1adores que quieren hacer que los eclipses de 2026 y 2027 sean inolvidables.<br>Creemos que las mejores experiencias las construyen localmente personas que conocen su regi\u00f3n, su cultura y su comunidad.<\/p>\n\n\n\n<p>Por eso estamos creando una red de anfitriones, creadores y socios regionales. Personas y peque\u00f1os equipos que nos ayudan a dar forma a experiencias \u00fanicas del eclipse en Espa\u00f1a, Marruecos y T\u00fanez.<\/p>\n\n\n\n<p>Tanto si desea <strong>acoger un lugar<\/strong>, <strong>h\u00e1gase socio<\/strong>, o <strong>compartir un evento<\/strong>, Aqu\u00ed es donde puedes participar.<\/p>\n\n\n\n<h3 class=\"wp-block-heading\">Acoger un lugar<\/h3>\n\n\n\n<p>\u00bfTiene una casa, apartamento o habitaci\u00f3n de invitados en <strong>Aguilar de Campoo o alrededores<\/strong> para 2026? Estamos confeccionando una lista de espera de viajeros y peque\u00f1os grupos de confianza que buscan lugares aut\u00e9nticos y bien situados a lo largo de la trayectoria de la totalidad.<br><br>Si desea ofrecer su alojamiento, le ayudaremos a conectar con hu\u00e9spedes que encajen con su casa y sus expectativas : de forma segura y personal.<\/p>\n\n\n\n<div class=\"wp-block-buttons is-layout-flex wp-block-buttons-is-layout-flex\">\n<div class=\"wp-block-button\"><a class=\"wp-block-button__link wp-element-button\" href=\"https:\/\/totaltogether.com\/es\/contact\/\">Comparte tu plaza<\/a><\/div>\n<\/div>\n\n\n\n<h3 class=\"wp-block-heading\">H\u00e1gase socio<\/h3>\n\n\n\n<p>Buscamos empresarios locales que conozcan su comunidad y les encante conectar a la gente.<br>En <strong>T\u00e1nger, Ceuta, Melilla y T\u00fanez<\/strong>, Estamos creando una peque\u00f1a red de colaboradores para organizar actividades locales y representar a Total Together.<\/p>\n\n\n\n<div class=\"wp-block-buttons is-layout-flex wp-block-buttons-is-layout-flex\">\n<div class=\"wp-block-button\"><a class=\"wp-block-button__link wp-element-button\">Solicite ser socio regional<\/a><\/div>\n<\/div>\n\n\n\n<h3 class=\"wp-block-heading\">Comparte tu evento<\/h3>\n\n\n\n<p>\u00bfPlanea una exposici\u00f3n, concierto o reuni\u00f3n en Aguilar de Campoo o sus alrededores?<br>Nos encantar\u00eda destacarlo y ayudar a otros a encontrarte.<\/p>\n\n\n\n<div class=\"wp-block-buttons is-layout-flex wp-block-buttons-is-layout-flex\">\n<div class=\"wp-block-button\"><a class=\"wp-block-button__link wp-element-button\" href=\"https:\/\/totaltogether.com\/es\/contact\/\">Env\u00ede su evento<\/a><\/div>\n<\/div>","protected":false},"excerpt":{"rendered":"<p>Total Together brings people together under the same sky. Travellers, locals and dreamers who want to make the 2026 and 2027 eclipses unforgettable.We believe the best experiences are built locally [&hellip;]<\/p>\n","protected":false},"author":1,"featured_media":0,"parent":0,"menu_order":0,"comment_status":"closed","ping_status":"closed","template":"page-with-title","meta":{"_price":"","_stock":"","_tribe_ticket_header":"","_tribe_default_ticket_provider":"","_tribe_ticket_capacity":"0","_ticket_start_date":"","_ticket_end_date":"","_tribe_ticket_show_description":"","_tribe_ticket_show_not_going":false,"_tribe_ticket_use_global_stock":"","_tribe_ticket_global_stock_level":"","_global_stock_mode":"","_global_stock_cap":"","_tribe_rsvp_for_event":"","_tribe_ticket_going_count":"","_tribe_ticket_not_going_count":"","_tribe_tickets_list":"[]","_tribe_ticket_has_attendee_info_fields":false,"_EventAllDay":false,"_EventTimezone":"","_EventStartDate":"","_EventEndDate":"","_EventStartDateUTC":"","_EventEndDateUTC":"","_EventShowMap":false,"_EventShowMapLink":false,"_EventURL":"","_EventCost":"","_EventCostDescription":"","_EventCurrencySymbol":"","_EventCurrencyCode":"","_EventCurrencyPosition":"","_EventDateTimeSeparator":"","_EventTimeRangeSeparator":"","_EventOrganizerID":[],"_EventVenueID":[],"_OrganizerEmail":"","_OrganizerPhone":"","_OrganizerWebsite":"","_VenueAddress":"","_VenueCity":"","_VenueCountry":"","_VenueProvince":"","_VenueState":"","_VenueZip":"","_VenuePhone":"","_VenueURL":"","_VenueStateProvince":"","_VenueLat":"","_VenueLng":"","_VenueShowMap":false,"_VenueShowMapLink":false,"footnotes":"","_tec_slr_enabled":"","_tec_slr_layout":""},"class_list":["post-909","page","type-page","status-publish","hentry"],"aioseo_notices":[],"ticketed":false,"_links":{"self":[{"href":"https:\/\/totaltogether.com\/es\/wp-json\/wp\/v2\/pages\/909","targetHints":{"allow":["GET"]}}],"collection":[{"href":"https:\/\/totaltogether.com\/es\/wp-json\/wp\/v2\/pages"}],"about":[{"href":"https:\/\/totaltogether.com\/es\/wp-json\/wp\/v2\/types\/page"}],"author":[{"embeddable":true,"href":"https:\/\/totaltogether.com\/es\/wp-json\/wp\/v2\/users\/1"}],"replies":[{"embeddable":true,"href":"https:\/\/totaltogether.com\/es\/wp-json\/wp\/v2\/comments?post=909"}],"version-history":[{"count":2,"href":"https:\/\/totaltogether.com\/es\/wp-json\/wp\/v2\/pages\/909\/revisions"}],"predecessor-version":[{"id":926,"href":"https:\/\/totaltogether.com\/es\/wp-json\/wp\/v2\/pages\/909\/revisions\/926"}],"wp:attachment":[{"href":"https:\/\/totaltogether.com\/es\/wp-json\/wp\/v2\/media?parent=909"}],"curies":[{"name":"wp","href":"https:\/\/api.w.org\/{rel}","templated":true}]}}