{"id":659,"date":"2025-10-06T15:25:38","date_gmt":"2025-10-06T13:25:38","guid":{"rendered":"https:\/\/totaltogether.com\/?page_id=659"},"modified":"2025-10-19T11:40:56","modified_gmt":"2025-10-19T09:40:56","slug":"more-about-kokkie-schnetz","status":"publish","type":"page","link":"https:\/\/totaltogether.com\/es\/more-about-kokkie-schnetz\/","title":{"rendered":"M\u00e1s sobre Kokkie Schnetz"},"content":{"rendered":"<h3 class=\"wp-block-heading\"><strong>La qu\u00edmica del azul<\/strong><\/h3>\n\n\n\n<p>Para <strong>Kokkie Schnetz<\/strong>, El color nunca es s\u00f3lo una superficie. Es una conversaci\u00f3n entre materia y luz, tiempo y transformaci\u00f3n. Como investigadora de la ciencia del patrimonio cultural, estudia la qu\u00edmica oculta tras los colores m\u00e1s famosos del mundo, como el ultramarino profundo de la <em>La joven de la perla de Vermeer<\/em>.<\/p>\n\n\n\n<p>Su trabajo en <em>\u201c<a href=\"https:\/\/www.academia.edu\/97175114\/Evidence_for_the_catalytic_properties_of_ultramarine_pigment\" target=\"_blank\" rel=\"noopener\" title=\"\">Pruebas de las propiedades catal\u00edticas del pigmento ultramarino<\/a>\u201d<\/em> revel\u00f3 que este azul legendario no es inerte en absoluto: reacciona. Envejece, respira, cambia lentamente los materiales que lo rodean. Lo que los pintores cre\u00edan eterno resulta estar vivo: cataliza procesos diminutos e invisibles dentro de la propia pintura.<br>Para Kokkie, ese descubrimiento nunca fue s\u00f3lo t\u00e9cnico. Fue po\u00e9tico. \u201cIncluso el color tiene pulso\u201d, dijo una vez.<\/p>\n\n\n\n<h4 class=\"wp-block-heading\"><strong>El arte y la ciencia<\/strong><\/h4>\n\n\n\n<p>La investigaci\u00f3n de Kokkie se sit\u00faa en la encrucijada de la qu\u00edmica y la historia del arte.<br>Analiza c\u00f3mo interact\u00faa la luz con la materia, c\u00f3mo evolucionan los pigmentos y c\u00f3mo las pinturas (al igual que las estrellas) albergan en su interior tanto brillo como decadencia. Su mundo est\u00e1 lleno de microscopios, espectros y escamas de pintura centenarias que a\u00fan susurran historias de creaci\u00f3n.<\/p>\n\n\n\n<p>Esa misma fascinaci\u00f3n por la luz la llev\u00f3 a <em>Total Together<\/em>. Lo que empez\u00f3 en el laboratorio, con la dispersi\u00f3n de la luz en un azul de Vermeer, se extiende ahora al cielo: la corona desvanecida de un eclipse total, los sutiles tonos del crep\u00fasculo, el asombro compartido cuando la oscuridad florece a la luz del d\u00eda.<\/p>\n\n\n\n<h4 class=\"wp-block-heading\"><strong>La mente reflexiva<\/strong><\/h4>\n\n\n\n<p>En el grupo, Kokkie es la analista silenciosa, la que relaciona la belleza con la comprensi\u00f3n. Recuerda a todos que la observaci\u00f3n es tambi\u00e9n interpretaci\u00f3n, que cada lente, cada pigmento, cada fot\u00f3n cuenta una historia sobre la transformaci\u00f3n. Su presencia aporta profundidad, paciencia y asombro basado en la ciencia.<\/p>\n\n\n\n<p>Porque ya sea el azul de Vermeer o la sombra de la luna, Kokkie lo sabe:<br>la luz nunca se limita a mostrarnos las cosas <em>cambia<\/em> ellos.<\/p>","protected":false},"excerpt":{"rendered":"<p>The Chemistry of Blue For Kokkie Schnetz, colour is never just a surface. It\u2019s a conversation between matter and light, time and transformation. As a researcher in cultural heritage science, [&hellip;]<\/p>\n","protected":false},"author":1,"featured_media":0,"parent":0,"menu_order":0,"comment_status":"closed","ping_status":"closed","template":"page-with-title","meta":{"_price":"","_stock":"","_tribe_ticket_header":"","_tribe_default_ticket_provider":"","_tribe_ticket_capacity":"0","_ticket_start_date":"","_ticket_end_date":"","_tribe_ticket_show_description":"","_tribe_ticket_show_not_going":false,"_tribe_ticket_use_global_stock":"","_tribe_ticket_global_stock_level":"","_global_stock_mode":"","_global_stock_cap":"","_tribe_rsvp_for_event":"","_tribe_ticket_going_count":"","_tribe_ticket_not_going_count":"","_tribe_tickets_list":"[]","_tribe_ticket_has_attendee_info_fields":false,"_EventAllDay":false,"_EventTimezone":"","_EventStartDate":"","_EventEndDate":"","_EventStartDateUTC":"","_EventEndDateUTC":"","_EventShowMap":false,"_EventShowMapLink":false,"_EventURL":"","_EventCost":"","_EventCostDescription":"","_EventCurrencySymbol":"","_EventCurrencyCode":"","_EventCurrencyPosition":"","_EventDateTimeSeparator":"","_EventTimeRangeSeparator":"","_EventOrganizerID":[],"_EventVenueID":[],"_OrganizerEmail":"","_OrganizerPhone":"","_OrganizerWebsite":"","_VenueAddress":"","_VenueCity":"","_VenueCountry":"","_VenueProvince":"","_VenueState":"","_VenueZip":"","_VenuePhone":"","_VenueURL":"","_VenueStateProvince":"","_VenueLat":"","_VenueLng":"","_VenueShowMap":false,"_VenueShowMapLink":false,"footnotes":"","_tec_slr_enabled":"","_tec_slr_layout":""},"class_list":["post-659","page","type-page","status-publish","hentry"],"aioseo_notices":[],"ticketed":false,"_links":{"self":[{"href":"https:\/\/totaltogether.com\/es\/wp-json\/wp\/v2\/pages\/659","targetHints":{"allow":["GET"]}}],"collection":[{"href":"https:\/\/totaltogether.com\/es\/wp-json\/wp\/v2\/pages"}],"about":[{"href":"https:\/\/totaltogether.com\/es\/wp-json\/wp\/v2\/types\/page"}],"author":[{"embeddable":true,"href":"https:\/\/totaltogether.com\/es\/wp-json\/wp\/v2\/users\/1"}],"replies":[{"embeddable":true,"href":"https:\/\/totaltogether.com\/es\/wp-json\/wp\/v2\/comments?post=659"}],"version-history":[{"count":5,"href":"https:\/\/totaltogether.com\/es\/wp-json\/wp\/v2\/pages\/659\/revisions"}],"predecessor-version":[{"id":782,"href":"https:\/\/totaltogether.com\/es\/wp-json\/wp\/v2\/pages\/659\/revisions\/782"}],"wp:attachment":[{"href":"https:\/\/totaltogether.com\/es\/wp-json\/wp\/v2\/media?parent=659"}],"curies":[{"name":"wp","href":"https:\/\/api.w.org\/{rel}","templated":true}]}}