{"id":625,"date":"2025-10-05T11:31:10","date_gmt":"2025-10-05T09:31:10","guid":{"rendered":"https:\/\/totaltogether.com\/?page_id=625"},"modified":"2025-10-19T16:45:39","modified_gmt":"2025-10-19T14:45:39","slug":"more-about-rene-veldwijk","status":"publish","type":"page","link":"https:\/\/totaltogether.com\/es\/more-about-rene-veldwijk\/","title":{"rendered":"M\u00e1s informaci\u00f3n sobre Ren\u00e9 Veldwijk"},"content":{"rendered":"<h3 class=\"wp-block-heading\"><strong>El cielo sin telescopio<\/strong><\/h3>\n\n\n\n<p>Ren\u00e9 Veldwijk, fundador de <em>Total Together<\/em>, es empresario, trabaja en equipo y es una fuerza creativa. Pero quienes le conocen de verdad saben tambi\u00e9n que su coraz\u00f3n siempre ha pertenecido al cielo nocturno. No a los telescopios de lujo ni a los equipos caros, sino al simple acto de tumbarse en una esterilla bajo las estrellas, observando el cielo con otras personas que compart\u00edan su sentido de la maravilla.<\/p>\n\n\n\n<h4 class=\"wp-block-heading\"><strong>Una infancia entre las estrellas<\/strong><\/h4>\n\n\n\n<p>De ni\u00f1o, Ren\u00e9 sal\u00eda de noche con algunos amigos, armados con linternas, termos y cuadernos gastados. Se tumbaban en colchonetas en campo abierto, se\u00f1alaban las rayas de luz y llevaban un registro meticuloso de lo que ve\u00edan: hora, direcci\u00f3n, color, brillo. A veces esperaban durante horas, susurrando o bromeando en voz baja, hasta que alguien gritaba de repente, <em>\u201c\u00a1All\u00ed! \u00a1Noreste! \u00a1Rastro amarillo, tres segundos!\u201d<\/em> Aquellas noches, llenas de fr\u00edo, risas y asombro, se convirtieron en la base de una fascinaci\u00f3n que durar\u00eda toda la vida.<\/p>\n\n\n\n<h4 class=\"wp-block-heading\"><strong>Persiguiendo la sombra<\/strong><\/h4>\n\n\n\n<p>A\u00f1os m\u00e1s tarde, Ren\u00e9 se convirti\u00f3 en un apasionado <em>cazador de eclipses<\/em>, es el tipo de persona que lo deja todo para presenciar un eclipse total de sol. Ha visto bastantes: de pie en el polvo de <strong>Turqu\u00eda<\/strong>, en las llanuras de <strong>China<\/strong>, y bajo el amplio cielo de <strong>Australia<\/strong>. Cualquiera que haya viajado con \u00e9l sabe que es dif\u00edcil pasarle por alto: en\u00e9rgico, franco, pero siempre movido por una aut\u00e9ntica fascinaci\u00f3n.<\/p>\n\n\n\n<h4 class=\"wp-block-heading\"><strong>De estrellas a personas<\/strong><\/h4>\n\n\n\n<p>Esa misma energ\u00eda alimenta su trabajo como empresario. En <em>Total Together<\/em>, Construy\u00f3 una plataforma para la colaboraci\u00f3n y la creatividad. Cree en conectar a la gente, en convertir las ideas en realidad, en perseguir lo que es m\u00e1s grande que uno mismo.<br>Sus ojos est\u00e1n puestos en el futuro, pero en alg\u00fan lugar de su interior sigue existiendo aquel ni\u00f1o de la colchoneta: impaciente, curioso y contemplando el universo con los mismos ojos abiertos de asombro.<\/p>","protected":false},"excerpt":{"rendered":"<p>The Sky Without a Telescope Ren\u00e9 Veldwijk, founder of Total Together, is an entrepreneur, a team player, and a creative force. But those who really know him also know that [&hellip;]<\/p>\n","protected":false},"author":1,"featured_media":0,"parent":0,"menu_order":0,"comment_status":"closed","ping_status":"closed","template":"page-with-title","meta":{"_price":"","_stock":"","_tribe_ticket_header":"","_tribe_default_ticket_provider":"","_tribe_ticket_capacity":"0","_ticket_start_date":"","_ticket_end_date":"","_tribe_ticket_show_description":"","_tribe_ticket_show_not_going":false,"_tribe_ticket_use_global_stock":"","_tribe_ticket_global_stock_level":"","_global_stock_mode":"","_global_stock_cap":"","_tribe_rsvp_for_event":"","_tribe_ticket_going_count":"","_tribe_ticket_not_going_count":"","_tribe_tickets_list":"[]","_tribe_ticket_has_attendee_info_fields":false,"_EventAllDay":false,"_EventTimezone":"","_EventStartDate":"","_EventEndDate":"","_EventStartDateUTC":"","_EventEndDateUTC":"","_EventShowMap":false,"_EventShowMapLink":false,"_EventURL":"","_EventCost":"","_EventCostDescription":"","_EventCurrencySymbol":"","_EventCurrencyCode":"","_EventCurrencyPosition":"","_EventDateTimeSeparator":"","_EventTimeRangeSeparator":"","_EventOrganizerID":[],"_EventVenueID":[],"_OrganizerEmail":"","_OrganizerPhone":"","_OrganizerWebsite":"","_VenueAddress":"","_VenueCity":"","_VenueCountry":"","_VenueProvince":"","_VenueState":"","_VenueZip":"","_VenuePhone":"","_VenueURL":"","_VenueStateProvince":"","_VenueLat":"","_VenueLng":"","_VenueShowMap":false,"_VenueShowMapLink":false,"footnotes":"","_tec_slr_enabled":"","_tec_slr_layout":""},"class_list":["post-625","page","type-page","status-publish","hentry"],"aioseo_notices":[],"ticketed":false,"_links":{"self":[{"href":"https:\/\/totaltogether.com\/es\/wp-json\/wp\/v2\/pages\/625","targetHints":{"allow":["GET"]}}],"collection":[{"href":"https:\/\/totaltogether.com\/es\/wp-json\/wp\/v2\/pages"}],"about":[{"href":"https:\/\/totaltogether.com\/es\/wp-json\/wp\/v2\/types\/page"}],"author":[{"embeddable":true,"href":"https:\/\/totaltogether.com\/es\/wp-json\/wp\/v2\/users\/1"}],"replies":[{"embeddable":true,"href":"https:\/\/totaltogether.com\/es\/wp-json\/wp\/v2\/comments?post=625"}],"version-history":[{"count":8,"href":"https:\/\/totaltogether.com\/es\/wp-json\/wp\/v2\/pages\/625\/revisions"}],"predecessor-version":[{"id":789,"href":"https:\/\/totaltogether.com\/es\/wp-json\/wp\/v2\/pages\/625\/revisions\/789"}],"wp:attachment":[{"href":"https:\/\/totaltogether.com\/es\/wp-json\/wp\/v2\/media?parent=625"}],"curies":[{"name":"wp","href":"https:\/\/api.w.org\/{rel}","templated":true}]}}