{"id":569,"date":"2025-10-01T16:11:56","date_gmt":"2025-10-01T14:11:56","guid":{"rendered":"https:\/\/totaltogether.com\/?page_id=569"},"modified":"2025-10-02T16:02:50","modified_gmt":"2025-10-02T14:02:50","slug":"privacy-policy-2","status":"publish","type":"page","link":"https:\/\/totaltogether.com\/es\/privacy-policy-2\/","title":{"rendered":"Pol\u00edtica de privacidad"},"content":{"rendered":"<h2 class=\"wp-block-heading\">Qui\u00e9nes somos<\/h2>\n\n\n\n<p>Este sitio web est\u00e1 gestionado por <strong>Fundaci\u00f3n Hemel y Dampkring<\/strong>, registrada en la C\u00e1mara de Comercio neerlandesa (KvK) con el n\u00famero <strong>30244331<\/strong>.<br>Puede ponerse en contacto con nosotros en <strong><a>info@moonmeetssun.com<\/a><\/strong>.<\/p>\n\n\n\n<p>Respetamos su privacidad y nos comprometemos a proteger sus datos personales de conformidad con el Reglamento General de Protecci\u00f3n de Datos (RGPD).<\/p>\n\n\n\n<h2 class=\"wp-block-heading\">Comentarios sobre nuestro blog<\/h2>\n\n\n\n<p>Cuando deja un comentario, recopilamos los datos que aparecen en el formulario de comentarios, su direcci\u00f3n IP y la informaci\u00f3n de su navegador para ayudar a detectar el spam.<\/p>\n\n\n\n<p>Si utiliza el servicio Gravatar, es posible que se proporcione a Gravatar una cadena anonimizada (hash) de su correo electr\u00f3nico. Su pol\u00edtica de privacidad est\u00e1 aqu\u00ed: <a href=\"https:\/\/automattic.com\/privacy\/\">https:\/\/automattic.com\/privacy\/<\/a>.<br>Una vez aprobado tu comentario, tu foto de perfil de Gravatar ser\u00e1 visible p\u00fablicamente con tu comentario.<\/p>\n\n\n\n<p>Conservamos los comentarios y sus metadatos indefinidamente a menos que solicite su eliminaci\u00f3n.<\/p>\n\n\n\n<h2 class=\"wp-block-heading\">Inscripciones en eventos<\/h2>\n\n\n\n<p>Cuando se inscribe en uno de nuestros eventos, recopilamos informaci\u00f3n como su nombre, direcci\u00f3n de correo electr\u00f3nico y cualquier otro dato necesario para su participaci\u00f3n (por ejemplo, preferencias diet\u00e9ticas, solicitudes de alojamiento o datos de pago, si procede).<\/p>\n\n\n\n<p>Utilizamos estos datos \u00fanicamente para:<\/p>\n\n\n\n<ul class=\"wp-block-list\">\n<li>confirme su inscripci\u00f3n,<\/li>\n\n\n\n<li>proporcionarle informaci\u00f3n sobre eventos y actualizaciones,<\/li>\n\n\n\n<li>gestionar los pagos y la facturaci\u00f3n, y<\/li>\n\n\n\n<li>gestionar la participaci\u00f3n en el acontecimiento.<\/li>\n<\/ul>\n\n\n\n<p>Conservamos los datos de inscripci\u00f3n al evento s\u00f3lo el tiempo necesario para administrar el evento y cumplir con las obligaciones legales (por ejemplo, los registros financieros se conservan hasta 7 a\u00f1os en virtud de la legislaci\u00f3n fiscal neerlandesa).<\/p>\n\n\n\n<h2 class=\"wp-block-heading\">Env\u00edo de formularios de contacto<\/h2>\n\n\n\n<p>Si se pone en contacto con nosotros a trav\u00e9s de nuestro sitio web, recogemos su nombre, direcci\u00f3n de correo electr\u00f3nico y el contenido de su mensaje.<br>Estos datos se utilizan \u00fanicamente para responder a su consulta. No los utilizamos con fines de marketing sin su consentimiento expl\u00edcito.<br>Conservamos estos datos s\u00f3lo el tiempo necesario para tramitar su solicitud.<\/p>\n\n\n\n<h2 class=\"wp-block-heading\">Encuestas y formularios de inter\u00e9s<\/h2>\n\n\n\n<p>Cuando rellena un formulario de inter\u00e9s (por ejemplo, para expresar su inter\u00e9s en futuros eventos relacionados con eclipses), recopilamos los datos que nos proporciona, como su nombre, direcci\u00f3n de correo electr\u00f3nico, pa\u00eds y \u00e1reas de inter\u00e9s.<\/p>\n\n\n\n<p>Utilizamos esta informaci\u00f3n para:<\/p>\n\n\n\n<ul class=\"wp-block-list\">\n<li>Comprender el grado de inter\u00e9s por futuros acontecimientos,<\/li>\n\n\n\n<li>mantenerle informado sobre actividades relevantes (si ha dado su consentimiento).<\/li>\n<\/ul>\n\n\n\n<p>Conservamos estos datos hasta que usted retira su consentimiento o hasta que dejan de ser necesarios para los fines indicados. Puede darse de baja en cualquier momento poni\u00e9ndose en contacto con nosotros en <strong><a>info@moonmeetssun.com<\/a><\/strong>.<\/p>\n\n\n\n<h2 class=\"wp-block-heading\">Medios de comunicaci\u00f3n<\/h2>\n\n\n\n<p>Si sube im\u00e1genes al sitio web, evite subir im\u00e1genes que contengan datos de localizaci\u00f3n incrustados (EXIF GPS). Los visitantes del sitio web pueden descargar y extraer datos de localizaci\u00f3n de dichas im\u00e1genes.<\/p>\n\n\n\n<h2 class=\"wp-block-heading\">Cookies<\/h2>\n\n\n\n<p>Nuestro sitio utiliza cookies para una funcionalidad y comodidad b\u00e1sicas:<\/p>\n\n\n\n<ul class=\"wp-block-list\">\n<li>Cookies de comentarios: Si deja un comentario, puede optar por guardar su nombre, correo electr\u00f3nico y sitio web en cookies durante un a\u00f1o.<\/li>\n\n\n\n<li>Cookies de inicio de sesi\u00f3n: Si inicias sesi\u00f3n, utilizamos cookies para guardar tus datos de inicio de sesi\u00f3n y preferencias de pantalla. Las cookies de inicio de sesi\u00f3n duran dos d\u00edas; las de pantalla, un a\u00f1o. La opci\u00f3n \u201cRecu\u00e9rdame\u201d ampl\u00eda las cookies de inicio de sesi\u00f3n a dos semanas. Si cierra la sesi\u00f3n, se eliminar\u00e1n.<\/li>\n\n\n\n<li>Cookies de edici\u00f3n de entradas: Cuando editas o publicas un art\u00edculo, se almacena una cookie con el ID del post, que caduca al cabo de un d\u00eda.<\/li>\n<\/ul>\n\n\n\n<h2 class=\"wp-block-heading\">Contenido incrustado de otros sitios web<\/h2>\n\n\n\n<p>Los art\u00edculos de este sitio pueden incluir contenido incrustado (por ejemplo, v\u00eddeos, im\u00e1genes, art\u00edculos, etc.). El contenido incrustado de otros sitios web se comporta exactamente igual que si el visitante hubiera visitado el otro sitio web.<\/p>\n\n\n\n<p>Estos sitios web pueden recopilar datos sobre usted, utilizar cookies, incrustar seguimiento adicional de terceros y supervisar su interacci\u00f3n con ese contenido incrustado, incluido el seguimiento de su interacci\u00f3n con el contenido incrustado si tiene una cuenta y ha iniciado sesi\u00f3n en ese sitio web.<\/p>\n\n\n\n<h2 class=\"wp-block-heading\">Con qui\u00e9n compartimos sus datos<\/h2>\n\n\n\n<p>No compartimos sus datos personales con terceros con fines de marketing.<\/p>\n\n\n\n<p>Si solicita un restablecimiento de contrase\u00f1a, su direcci\u00f3n IP se incluir\u00e1 en el correo electr\u00f3nico de restablecimiento. <br>Los datos relacionados con el evento pueden compartirse con proveedores de servicios (por ejemplo, procesadores de pagos o sedes de eventos) estrictamente para la administraci\u00f3n del evento. <br>Los comentarios pueden ser revisados a trav\u00e9s de un servicio automatizado de detecci\u00f3n de spam (por ejemplo, Akismet).<\/p>\n\n\n\n<h2 class=\"wp-block-heading\">Cu\u00e1nto tiempo conservamos sus datos<\/h2>\n\n\n\n<p><strong>Inscripciones en eventos<\/strong>Conservaci\u00f3n: hasta la finalizaci\u00f3n del evento y durante el tiempo que exija la ley (por ejemplo, registros financieros: 7 a\u00f1os).<br><strong>Env\u00edo de formularios de contacto<\/strong>: conservado \u00fanicamente hasta que se haya respondido a su solicitud.<br><strong>Encuestas\/formularios de inter\u00e9s<\/strong>Conservaci\u00f3n hasta que usted retire su consentimiento o deje de interesarle.<br><strong>Comentarios<\/strong>: conservados indefinidamente a menos que solicite su supresi\u00f3n.<br><strong>Perfiles de usuario (si procede)<\/strong>: almacenado mientras la cuenta permanezca activa.<\/p>\n\n\n\n<h2 class=\"wp-block-heading\">Qu\u00e9 derechos tiene sobre sus datos<\/h2>\n\n\n\n<p>Tienes derecho a:<\/p>\n\n\n\n<ul class=\"wp-block-list\">\n<li>Solicitar una copia de los datos personales que tenemos sobre usted.<\/li>\n\n\n\n<li>Solicitar la correcci\u00f3n de datos inexactos o incompletos.<\/li>\n\n\n\n<li>Solicitar la supresi\u00f3n de sus datos, excepto cuando su conservaci\u00f3n sea legalmente obligatoria.<\/li>\n\n\n\n<li>Retirar el consentimiento para el tratamiento de sus datos (por ejemplo, para boletines o encuestas).<\/li>\n<\/ul>\n\n\n\n<p>Para ejercer estos derechos, p\u00f3ngase en contacto con nosotros en <strong><a>info@moonmeetssun.com<\/a><\/strong>.<\/p>\n\n\n\n<h2 class=\"wp-block-heading\">D\u00f3nde se env\u00edan sus datos<\/h2>\n\n\n\n<p>Los comentarios de los visitantes pueden ser controlados por un servicio automatizado de detecci\u00f3n de spam.<\/p>\n\n\n\n<p>Los datos de registro y pago del evento pueden ser procesados por terceros proveedores de servicios bajo contrato, ubicados dentro de la UE o en cumplimiento de los requisitos del GDPR.<\/p>","protected":false},"excerpt":{"rendered":"<p>Who we are This website is operated by Stichting Hemel en Dampkring, registered with the Dutch Chamber of Commerce (KvK) under number 30244331.You can contact us at: info@moonmeetssun.com. We respect [&hellip;]<\/p>\n","protected":false},"author":1,"featured_media":0,"parent":0,"menu_order":0,"comment_status":"closed","ping_status":"closed","template":"page-with-title","meta":{"_price":"","_stock":"","_tribe_ticket_header":"","_tribe_default_ticket_provider":"","_tribe_ticket_capacity":"0","_ticket_start_date":"","_ticket_end_date":"","_tribe_ticket_show_description":"","_tribe_ticket_show_not_going":false,"_tribe_ticket_use_global_stock":"","_tribe_ticket_global_stock_level":"","_global_stock_mode":"","_global_stock_cap":"","_tribe_rsvp_for_event":"","_tribe_ticket_going_count":"","_tribe_ticket_not_going_count":"","_tribe_tickets_list":"[]","_tribe_ticket_has_attendee_info_fields":false,"_EventAllDay":false,"_EventTimezone":"","_EventStartDate":"","_EventEndDate":"","_EventStartDateUTC":"","_EventEndDateUTC":"","_EventShowMap":false,"_EventShowMapLink":false,"_EventURL":"","_EventCost":"","_EventCostDescription":"","_EventCurrencySymbol":"","_EventCurrencyCode":"","_EventCurrencyPosition":"","_EventDateTimeSeparator":"","_EventTimeRangeSeparator":"","_EventOrganizerID":[],"_EventVenueID":[],"_OrganizerEmail":"","_OrganizerPhone":"","_OrganizerWebsite":"","_VenueAddress":"","_VenueCity":"","_VenueCountry":"","_VenueProvince":"","_VenueState":"","_VenueZip":"","_VenuePhone":"","_VenueURL":"","_VenueStateProvince":"","_VenueLat":"","_VenueLng":"","_VenueShowMap":false,"_VenueShowMapLink":false,"footnotes":"","_tec_slr_enabled":"","_tec_slr_layout":""},"class_list":["post-569","page","type-page","status-publish","hentry"],"aioseo_notices":[],"ticketed":false,"_links":{"self":[{"href":"https:\/\/totaltogether.com\/es\/wp-json\/wp\/v2\/pages\/569","targetHints":{"allow":["GET"]}}],"collection":[{"href":"https:\/\/totaltogether.com\/es\/wp-json\/wp\/v2\/pages"}],"about":[{"href":"https:\/\/totaltogether.com\/es\/wp-json\/wp\/v2\/types\/page"}],"author":[{"embeddable":true,"href":"https:\/\/totaltogether.com\/es\/wp-json\/wp\/v2\/users\/1"}],"replies":[{"embeddable":true,"href":"https:\/\/totaltogether.com\/es\/wp-json\/wp\/v2\/comments?post=569"}],"version-history":[{"count":4,"href":"https:\/\/totaltogether.com\/es\/wp-json\/wp\/v2\/pages\/569\/revisions"}],"predecessor-version":[{"id":577,"href":"https:\/\/totaltogether.com\/es\/wp-json\/wp\/v2\/pages\/569\/revisions\/577"}],"wp:attachment":[{"href":"https:\/\/totaltogether.com\/es\/wp-json\/wp\/v2\/media?parent=569"}],"curies":[{"name":"wp","href":"https:\/\/api.w.org\/{rel}","templated":true}]}}