{"id":496,"date":"2025-09-29T14:34:59","date_gmt":"2025-09-29T12:34:59","guid":{"rendered":"https:\/\/totaltogether.com\/?page_id=496"},"modified":"2025-10-24T14:37:58","modified_gmt":"2025-10-24T12:37:58","slug":"traveller-stories","status":"publish","type":"page","link":"https:\/\/totaltogether.com\/es\/traveller-stories\/","title":{"rendered":"Historias de viajeros"},"content":{"rendered":"<div class=\"wp-block-group alignfull has-background-background-color has-background has-global-padding is-layout-constrained wp-container-core-group-is-layout-fb85e995 wp-block-group-is-layout-constrained\" style=\"margin-top:0;margin-bottom:0;padding-top:var(--wp--preset--spacing--60);padding-right:var(--wp--preset--spacing--30);padding-bottom:var(--wp--preset--spacing--60);padding-left:var(--wp--preset--spacing--30)\">\n<div class=\"wp-block-columns alignwide is-layout-flex wp-container-core-columns-is-layout-28f84493 wp-block-columns-is-layout-flex\">\n<div class=\"wp-block-column is-vertically-aligned-stretch is-layout-flow wp-container-core-column-is-layout-8a368f38 wp-block-column-is-layout-flow\" style=\"flex-basis:40%\">\n<div class=\"wp-block-group alignwide has-global-padding is-content-justification-center is-layout-constrained wp-block-group-is-layout-constrained\">\n<h2 class=\"wp-block-heading has-large-font-size\">Historias inspiradoras de viajeros <\/h2>\n\n\n\n<p style=\"margin-top:16px\">Explore las sinceras experiencias de otros viajeros que han asistido a acontecimientos \u00fanicos relacionados con el eclipse.<\/p>\n\n\n\n<div class=\"wp-block-buttons is-layout-flex wp-block-buttons-is-layout-flex\" style=\"margin-top:var(--wp--preset--spacing--40);margin-bottom:var(--wp--preset--spacing--50)\">\n<div class=\"wp-block-button is-style-fill\"><a class=\"wp-block-button__link wp-element-button\" href=\"#next-stories\">Leer m\u00e1s historias<\/a><\/div>\n<\/div>\n<\/div>\n<\/div>\n\n\n\n<div class=\"wp-block-column is-layout-flow wp-block-column-is-layout-flow\">\n<div class=\"wp-block-media-text alignwide has-media-on-the-right is-stacked-on-mobile is-image-fill-element has-tertiary-background-color has-background\" style=\"grid-template-columns:auto 40%\"><div class=\"wp-block-media-text__content\">\n<div class=\"wp-block-group has-global-padding is-layout-constrained wp-block-group-is-layout-constrained\" style=\"padding-top:var(--wp--preset--spacing--40);padding-bottom:var(--wp--preset--spacing--40)\">\n<h3 class=\"wp-block-heading\" style=\"font-size:clamp(0.984rem, 0.984rem + ((1vw - 0.2rem) * 0.86), 1.5rem);\">Por qu\u00e9 sigo los eclipses<\/h3>\n\n\n\n<p style=\"margin-top:16px\">Persigo los eclipses porque me llevan a lugares remotos que de otro modo nunca ver\u00eda y me re\u00fanen con personas de todos los rincones del mundo. En la fugaz oscuridad me recuerdan lo peque\u00f1o que soy, lo poderoso que es el Sol y la facilidad con que el conocimiento da paso al asombro. He visto a hombres cultos humillarse, a mujeres bailar de alegr\u00eda al volver la luz y a hombres fuertes llorar ante la belleza del universo. La vida es corta, y a la sombra de la Luna me siento profundamente vivo.<\/p>\n\n\n\n<p>Don<\/p>\n<\/div>\n<\/div><figure class=\"wp-block-media-text__media\"><img loading=\"lazy\" decoding=\"async\" width=\"1024\" height=\"768\" src=\"https:\/\/totaltogether.com\/wp-content\/uploads\/2025\/09\/don-fleming-chile-1024x768.jpg\" alt=\"\" class=\"wp-image-432 size-full\" style=\"object-position:50% 50%\" srcset=\"https:\/\/totaltogether.com\/wp-content\/uploads\/2025\/09\/don-fleming-chile-1024x768.jpg 1024w, https:\/\/totaltogether.com\/wp-content\/uploads\/2025\/09\/don-fleming-chile-300x225.jpg 300w, https:\/\/totaltogether.com\/wp-content\/uploads\/2025\/09\/don-fleming-chile-768x576.jpg 768w, https:\/\/totaltogether.com\/wp-content\/uploads\/2025\/09\/don-fleming-chile-600x450.jpg 600w, https:\/\/totaltogether.com\/wp-content\/uploads\/2025\/09\/don-fleming-chile.jpg 1280w\" sizes=\"auto, (max-width: 1024px) 100vw, 1024px\" \/><\/figure><\/div>\n\n\n\n<div class=\"wp-block-media-text alignwide has-media-on-the-right is-stacked-on-mobile is-image-fill-element has-tertiary-background-color has-background\" style=\"grid-template-columns:auto 40%\"><div class=\"wp-block-media-text__content\">\n<div class=\"wp-block-group has-global-padding is-layout-constrained wp-block-group-is-layout-constrained\" style=\"padding-top:var(--wp--preset--spacing--40);padding-bottom:var(--wp--preset--spacing--40)\">\n<h3 class=\"wp-block-heading\" style=\"font-size:clamp(0.984rem, 0.984rem + ((1vw - 0.2rem) * 0.86), 1.5rem);\">Nubes sobre Francia<\/h3>\n\n\n\n<p style=\"margin-top:16px\">En 1999 viaj\u00e9 al norte de Francia lleno de ilusi\u00f3n para presenciar mi primer eclipse total, pero en el momento crucial me encontr\u00e9 con un nubarr\u00f3n. Una frustraci\u00f3n compartida por muchos de los que estaban all\u00ed. Para innumerables personas, esa decepci\u00f3n se convirti\u00f3 en la chispa que les impuls\u00f3 a buscar el siguiente eclipse y asegurarse de que alg\u00fan d\u00eda estar\u00edan bajo la sombra de la Luna.<br><br>Ren\u00e9<\/p>\n<\/div>\n<\/div><figure class=\"wp-block-media-text__media\"><img loading=\"lazy\" decoding=\"async\" width=\"768\" height=\"1024\" src=\"https:\/\/totaltogether.com\/wp-content\/uploads\/2025\/09\/colander-autralia-2.jpg\" alt=\"\" class=\"wp-image-210 size-full\" style=\"object-position:50% 50%\" srcset=\"https:\/\/totaltogether.com\/wp-content\/uploads\/2025\/09\/colander-autralia-2.jpg 768w, https:\/\/totaltogether.com\/wp-content\/uploads\/2025\/09\/colander-autralia-2-225x300.jpg 225w, https:\/\/totaltogether.com\/wp-content\/uploads\/2025\/09\/colander-autralia-2-600x800.jpg 600w\" sizes=\"auto, (max-width: 768px) 100vw, 768px\" \/><\/figure><\/div>\n<\/div>\n<\/div>\n<\/div>\n\n\n\n<div class=\"wp-block-group alignfull has-tertiary-background-color has-background has-global-padding is-layout-constrained wp-container-core-group-is-layout-7276a2bb wp-block-group-is-layout-constrained\" id=\"next-stories\" style=\"margin-top:0;margin-bottom:0;padding-top:var(--wp--preset--spacing--60);padding-right:var(--wp--preset--spacing--30);padding-bottom:var(--wp--preset--spacing--60);padding-left:var(--wp--preset--spacing--30)\">\n<div class=\"wp-block-group alignwide is-vertical is-layout-flex wp-container-core-group-is-layout-fe9cc265 wp-block-group-is-layout-flex\">\n<div class=\"wp-block-group has-global-padding is-layout-constrained wp-block-group-is-layout-constrained\">\n<h2 class=\"wp-block-heading has-large-font-size\">Historias inspiradoras de viajeros<\/h2>\n\n\n\n<p style=\"margin-top:16px\">Sum\u00e9rgete en v\u00edvidas historias compartidas por aventureros que fueron testigos de la magia de los eclipses totales de sol de Espa\u00f1a con Total Together.<\/p>\n<\/div>\n<\/div>\n\n\n\n<div class=\"wp-block-group alignwide has-global-padding is-layout-constrained wp-block-group-is-layout-constrained\">\n<div class=\"wp-block-columns alignwide is-layout-flex wp-container-core-columns-is-layout-87beb0d0 wp-block-columns-is-layout-flex\">\n<div class=\"wp-block-column is-layout-flow wp-container-core-column-is-layout-f5bb311e wp-block-column-is-layout-flow\">\n<div class=\"wp-block-cover is-light\"><img loading=\"lazy\" decoding=\"async\" width=\"1024\" height=\"1024\" class=\"wp-block-cover__image-background wp-image-702 size-full\" alt=\"\" src=\"https:\/\/totaltogether.com\/wp-content\/uploads\/2025\/10\/logo-total-together-circle.png\" data-object-fit=\"cover\" srcset=\"https:\/\/totaltogether.com\/wp-content\/uploads\/2025\/10\/logo-total-together-circle.png 1024w, https:\/\/totaltogether.com\/wp-content\/uploads\/2025\/10\/logo-total-together-circle-300x300.png 300w, https:\/\/totaltogether.com\/wp-content\/uploads\/2025\/10\/logo-total-together-circle-150x150.png 150w, https:\/\/totaltogether.com\/wp-content\/uploads\/2025\/10\/logo-total-together-circle-768x768.png 768w, https:\/\/totaltogether.com\/wp-content\/uploads\/2025\/10\/logo-total-together-circle-12x12.png 12w, https:\/\/totaltogether.com\/wp-content\/uploads\/2025\/10\/logo-total-together-circle-600x600.png 600w, https:\/\/totaltogether.com\/wp-content\/uploads\/2025\/10\/logo-total-together-circle-100x100.png 100w\" sizes=\"auto, (max-width: 1024px) 100vw, 1024px\" \/><span aria-hidden=\"true\" class=\"wp-block-cover__background has-foreground-background-color has-background-dim\"><\/span><div class=\"wp-block-cover__inner-container is-layout-flow wp-block-cover-is-layout-flow\">\n<p class=\"has-text-align-center has-large-font-size\">Su historia<\/p>\n<\/div><\/div>\n\n\n<a class=\"wp-block-read-more\" href=\"https:\/\/totaltogether.com\/es\/traveller-stories\/\" target=\"_self\">Leer m\u00e1s<span class=\"screen-reader-text\">: Traveller Stories<\/span><\/a><\/div>\n\n\n\n<div class=\"wp-block-column is-layout-flow wp-container-core-column-is-layout-f5bb311e wp-block-column-is-layout-flow\">\n<div class=\"wp-block-cover is-light\"><img loading=\"lazy\" decoding=\"async\" width=\"1024\" height=\"1024\" class=\"wp-block-cover__image-background wp-image-702 size-full\" alt=\"\" src=\"https:\/\/totaltogether.com\/wp-content\/uploads\/2025\/10\/logo-total-together-circle.png\" data-object-fit=\"cover\" srcset=\"https:\/\/totaltogether.com\/wp-content\/uploads\/2025\/10\/logo-total-together-circle.png 1024w, https:\/\/totaltogether.com\/wp-content\/uploads\/2025\/10\/logo-total-together-circle-300x300.png 300w, https:\/\/totaltogether.com\/wp-content\/uploads\/2025\/10\/logo-total-together-circle-150x150.png 150w, https:\/\/totaltogether.com\/wp-content\/uploads\/2025\/10\/logo-total-together-circle-768x768.png 768w, https:\/\/totaltogether.com\/wp-content\/uploads\/2025\/10\/logo-total-together-circle-12x12.png 12w, https:\/\/totaltogether.com\/wp-content\/uploads\/2025\/10\/logo-total-together-circle-600x600.png 600w, https:\/\/totaltogether.com\/wp-content\/uploads\/2025\/10\/logo-total-together-circle-100x100.png 100w\" sizes=\"auto, (max-width: 1024px) 100vw, 1024px\" \/><span aria-hidden=\"true\" class=\"wp-block-cover__background has-foreground-background-color has-background-dim\"><\/span><div class=\"wp-block-cover__inner-container is-layout-flow wp-block-cover-is-layout-flow\">\n<p class=\"has-text-align-center has-large-font-size\">Su historia<\/p>\n<\/div><\/div>\n\n\n<a class=\"wp-block-read-more\" href=\"https:\/\/totaltogether.com\/es\/traveller-stories\/\" target=\"_self\">Leer m\u00e1s<span class=\"screen-reader-text\">: Traveller Stories<\/span><\/a><\/div>\n<\/div>\n<\/div>\n<\/div>","protected":false},"excerpt":{"rendered":"<p>Inspiring Traveller Stories Explore heartfelt experiences from fellow travellers who have been at unique eclipse events. Why I Follow Eclipses I chase eclipses because they lead me to out-of-the-way places [&hellip;]<\/p>\n","protected":false},"author":1,"featured_media":0,"parent":0,"menu_order":0,"comment_status":"closed","ping_status":"closed","template":"page-with-title","meta":{"_price":"","_stock":"","_tribe_ticket_header":"","_tribe_default_ticket_provider":"","_tribe_ticket_capacity":"0","_ticket_start_date":"","_ticket_end_date":"","_tribe_ticket_show_description":"","_tribe_ticket_show_not_going":false,"_tribe_ticket_use_global_stock":"","_tribe_ticket_global_stock_level":"","_global_stock_mode":"","_global_stock_cap":"","_tribe_rsvp_for_event":"","_tribe_ticket_going_count":"","_tribe_ticket_not_going_count":"","_tribe_tickets_list":"[]","_tribe_ticket_has_attendee_info_fields":false,"_EventAllDay":false,"_EventTimezone":"","_EventStartDate":"","_EventEndDate":"","_EventStartDateUTC":"","_EventEndDateUTC":"","_EventShowMap":false,"_EventShowMapLink":false,"_EventURL":"","_EventCost":"","_EventCostDescription":"","_EventCurrencySymbol":"","_EventCurrencyCode":"","_EventCurrencyPosition":"","_EventDateTimeSeparator":"","_EventTimeRangeSeparator":"","_EventOrganizerID":[],"_EventVenueID":[],"_OrganizerEmail":"","_OrganizerPhone":"","_OrganizerWebsite":"","_VenueAddress":"","_VenueCity":"","_VenueCountry":"","_VenueProvince":"","_VenueState":"","_VenueZip":"","_VenuePhone":"","_VenueURL":"","_VenueStateProvince":"","_VenueLat":"","_VenueLng":"","_VenueShowMap":false,"_VenueShowMapLink":false,"footnotes":"","_tec_slr_enabled":"","_tec_slr_layout":""},"class_list":["post-496","page","type-page","status-publish","hentry"],"aioseo_notices":[],"ticketed":false,"_links":{"self":[{"href":"https:\/\/totaltogether.com\/es\/wp-json\/wp\/v2\/pages\/496","targetHints":{"allow":["GET"]}}],"collection":[{"href":"https:\/\/totaltogether.com\/es\/wp-json\/wp\/v2\/pages"}],"about":[{"href":"https:\/\/totaltogether.com\/es\/wp-json\/wp\/v2\/types\/page"}],"author":[{"embeddable":true,"href":"https:\/\/totaltogether.com\/es\/wp-json\/wp\/v2\/users\/1"}],"replies":[{"embeddable":true,"href":"https:\/\/totaltogether.com\/es\/wp-json\/wp\/v2\/comments?post=496"}],"version-history":[{"count":24,"href":"https:\/\/totaltogether.com\/es\/wp-json\/wp\/v2\/pages\/496\/revisions"}],"predecessor-version":[{"id":894,"href":"https:\/\/totaltogether.com\/es\/wp-json\/wp\/v2\/pages\/496\/revisions\/894"}],"wp:attachment":[{"href":"https:\/\/totaltogether.com\/es\/wp-json\/wp\/v2\/media?parent=496"}],"curies":[{"name":"wp","href":"https:\/\/api.w.org\/{rel}","templated":true}]}}