{"id":39,"date":"2025-09-03T12:50:11","date_gmt":"2025-09-03T12:50:11","guid":{"rendered":"https:\/\/totaltogether.com\/aanbiedingen\/"},"modified":"2025-10-27T13:08:10","modified_gmt":"2025-10-27T12:08:10","slug":"eclipse-trips-2026","status":"publish","type":"page","link":"https:\/\/totaltogether.com\/es\/eclipse-trips-2026\/","title":{"rendered":"Viajes Eclipse 2026 - Norte de Espa\u00f1a"},"content":{"rendered":"<div class=\"wp-block-group alignfull has-background-background-color has-background has-global-padding is-layout-constrained wp-container-core-group-is-layout-1d9d2c78 wp-block-group-is-layout-constrained\" style=\"margin-top:0;margin-bottom:0;padding-top:var(--wp--preset--spacing--60);padding-right:var(--wp--preset--spacing--30);padding-bottom:var(--wp--preset--spacing--60);padding-left:var(--wp--preset--spacing--30)\">\n<div class=\"wp-block-columns alignwide are-vertically-aligned-center is-layout-flex wp-container-core-columns-is-layout-47c06fe3 wp-block-columns-is-layout-flex\">\n<div class=\"wp-block-column is-vertically-aligned-center is-layout-flow wp-block-column-is-layout-flow\">\n<figure class=\"wp-block-image size-large has-custom-border\"><img loading=\"lazy\" decoding=\"async\" width=\"1024\" height=\"682\" src=\"https:\/\/totaltogether.com\/wp-content\/uploads\/2025\/09\/winner-foto-with-date-2026-1024x682.jpeg\" alt=\"\" class=\"wp-image-295\" style=\"border-radius:20rem;aspect-ratio:1;object-fit:cover\" srcset=\"https:\/\/totaltogether.com\/wp-content\/uploads\/2025\/09\/winner-foto-with-date-2026-1024x682.jpeg 1024w, https:\/\/totaltogether.com\/wp-content\/uploads\/2025\/09\/winner-foto-with-date-2026-300x200.jpeg 300w, https:\/\/totaltogether.com\/wp-content\/uploads\/2025\/09\/winner-foto-with-date-2026-768x512.jpeg 768w, https:\/\/totaltogether.com\/wp-content\/uploads\/2025\/09\/winner-foto-with-date-2026-600x400.jpeg 600w, https:\/\/totaltogether.com\/wp-content\/uploads\/2025\/09\/winner-foto-with-date-2026.jpeg 1280w\" sizes=\"auto, (max-width: 1024px) 100vw, 1024px\" \/><figcaption class=\"wp-element-caption\">Foto \u00a9 @_09cristina_ (Instagram)<\/figcaption><\/figure>\n<\/div>\n\n\n\n<div class=\"wp-block-column is-vertically-aligned-center is-layout-flow wp-block-column-is-layout-flow\">\n<h2 class=\"wp-block-heading has-large-font-size\">Hacia la Totalidad el 12 de agosto de 2026<\/h2>\n\n\n\n<p style=\"margin-top:16px\">Nuestra base del eclipse solar total de 2026 se encuentra en y alrededor de <strong><a href=\"https:\/\/www.google.nl\/maps\/place\/Posada+Santa+Mar%C3%ADa+La+Real\/@42.7962086,-4.2731394,203m\/data=!3m1!1e3!4m20!1m10!4m9!1m3!2m2!1d-4.2677669!2d42.7929926!1m3!2m2!1d-4.2668228!2d42.7935279!3e0!3m8!1s0xd48f2d85e6bfe0f:0x364e3f08a467c774!5m2!4m1!1i2!8m2!3d42.7962005!4d-4.2727526!16s%2Fg%2F11cp5fhplg!5m1!1e1?entry=ttu&amp;g_ep=EgoyMDI1MDgwNi4wIKXMDSoASAFQAw%3D%3D\" target=\"_blank\" rel=\"noopener\" title=\"Google Maps\">Aguilar de Campoo<\/a><\/strong>, En el norte de Espa\u00f1a, en las regiones de Burgos y Cantabria. Rodeado de lagos, r\u00edos, monta\u00f1as y mesetas con vistas impresionantes. Ya hemos explorado varios puntos de observaci\u00f3n prometedores y, si el tiempo nos juega una mala pasada, podemos desplazarnos hacia el noroeste, en direcci\u00f3n a Gij\u00f3n, o hacia el sureste, en direcci\u00f3n a Soria.<\/p>\n\n\n\n<figure class=\"wp-block-image size-full\"><img loading=\"lazy\" decoding=\"async\" width=\"2554\" height=\"1226\" src=\"https:\/\/totaltogether.com\/wp-content\/uploads\/2025\/09\/totality-in-aguilar.png\" alt=\"\" class=\"wp-image-414\"\/><figcaption class=\"wp-element-caption\">\u00a9 Xavier Jubier (http:\/\/xjubier.free.fr)<\/figcaption><\/figure>\n\n\n\n<p>Nuestros alojamientos ya est\u00e1n completos o tienen lista de espera, pero aun as\u00ed estamos encantados de compartir lo que sabemos. Aunque la mayor\u00eda de las opciones de la regi\u00f3n ya est\u00e1n reservadas, mantenemos los ojos y los o\u00eddos abiertos y transmitimos gustosamente los consejos de nuestros viajes de exploraci\u00f3n, desde lugares pr\u00e1cticos para alojarse hasta buenos puntos de observaci\u00f3n.<\/p>\n\n\n\n<div class=\"wp-block-buttons is-layout-flex wp-block-buttons-is-layout-flex\" style=\"margin-top:var(--wp--preset--spacing--40)\">\n<div class=\"wp-block-button\"><a class=\"wp-block-button__link wp-element-button\" href=\"https:\/\/totaltogether.com\/es\/contact\/\">Ponte en contacto<\/a><\/div>\n<\/div>\n<\/div>\n<\/div>\n<\/div>\n\n\n\n<div class=\"wp-block-group alignfull has-tertiary-background-color has-background has-global-padding is-layout-constrained wp-container-core-group-is-layout-7276a2bb wp-block-group-is-layout-constrained\" id=\"evenementen\" style=\"margin-top:0;margin-bottom:0;padding-top:var(--wp--preset--spacing--60);padding-right:var(--wp--preset--spacing--30);padding-bottom:var(--wp--preset--spacing--60);padding-left:var(--wp--preset--spacing--30)\">\n<div class=\"wp-block-group alignwide has-global-padding is-content-justification-center is-layout-constrained wp-block-group-is-layout-constrained\">\n<h2 class=\"wp-block-heading has-text-align-center\">Alojamientos<\/h2>\n\n\n\n<p class=\"has-text-align-center\" style=\"margin-top:16px\">\u00danase a nosotros para vivir momentos especiales en los que familiares, amigos y compa\u00f1eros de viaje experimenten la belleza de un eclipse total de sol.<\/p>\n<\/div>\n\n\n\n<div class=\"wp-block-columns alignwide is-layout-flex wp-container-core-columns-is-layout-28f84493 wp-block-columns-is-layout-flex\">\n<div class=\"wp-block-column is-layout-flow wp-container-core-column-is-layout-8a368f38 wp-block-column-is-layout-flow\">\n<figure class=\"wp-block-image size-full has-custom-border\"><img loading=\"lazy\" decoding=\"async\" width=\"433\" height=\"384\" src=\"https:\/\/totaltogether.com\/wp-content\/uploads\/2025\/09\/aguilar-de-campoo-posada.png\" alt=\"\" class=\"wp-image-485\" style=\"border-top-left-radius:0.5rem;border-top-right-radius:5rem;border-bottom-left-radius:0rem;border-bottom-right-radius:0rem;aspect-ratio:1;object-fit:cover\" srcset=\"https:\/\/totaltogether.com\/wp-content\/uploads\/2025\/09\/aguilar-de-campoo-posada.png 433w, https:\/\/totaltogether.com\/wp-content\/uploads\/2025\/09\/aguilar-de-campoo-posada-300x266.png 300w\" sizes=\"auto, (max-width: 433px) 100vw, 433px\" \/><\/figure>\n\n\n\n<div class=\"wp-block-group has-background-background-color has-background has-global-padding is-layout-constrained wp-container-core-group-is-layout-23b1a4dc wp-block-group-is-layout-constrained\" style=\"border-top-left-radius:0rem;border-top-right-radius:0rem;border-bottom-right-radius:0rem;padding-top:var(--wp--preset--spacing--30);padding-right:var(--wp--preset--spacing--30);padding-bottom:var(--wp--preset--spacing--30);padding-left:var(--wp--preset--spacing--30)\">\n<div class=\"wp-block-group is-vertical is-content-justification-left is-nowrap is-layout-flex wp-container-core-group-is-layout-c0c59743 wp-block-group-is-layout-flex\">\n<h3 class=\"wp-block-heading\" style=\"font-size:clamp(14px, 0.875rem + ((1vw - 3.2px) * 0.625), 20px);line-height:1.5\">Aguilar de Campoo - Agotado<\/h3>\n\n\n\n<p class=\"has-small-font-size\" style=\"text-transform:uppercase\">2026-08-12<\/p>\n<\/div>\n\n\n\n<p class=\"has-small-font-size\" style=\"margin-top:16px\">\u00danase a expertos y entusiastas para vivir el eclipse total de sol desde los lugares m\u00e1s bellos de Espa\u00f1a.<\/p>\n<\/div>\n<\/div>\n\n\n\n<div class=\"wp-block-column is-layout-flow wp-container-core-column-is-layout-8a368f38 wp-block-column-is-layout-flow\">\n<figure class=\"wp-block-image size-full has-custom-border\"><img loading=\"lazy\" decoding=\"async\" width=\"1150\" height=\"777\" src=\"https:\/\/totaltogether.com\/wp-content\/uploads\/2025\/09\/Reinosa4.jpg\" alt=\"\" class=\"wp-image-477\" style=\"border-top-left-radius:20rem;border-top-right-radius:20rem;border-bottom-left-radius:0rem;border-bottom-right-radius:0rem;aspect-ratio:1;object-fit:cover\" srcset=\"https:\/\/totaltogether.com\/wp-content\/uploads\/2025\/09\/Reinosa4.jpg 1150w, https:\/\/totaltogether.com\/wp-content\/uploads\/2025\/09\/Reinosa4-300x203.jpg 300w, https:\/\/totaltogether.com\/wp-content\/uploads\/2025\/09\/Reinosa4-1024x692.jpg 1024w, https:\/\/totaltogether.com\/wp-content\/uploads\/2025\/09\/Reinosa4-768x519.jpg 768w, https:\/\/totaltogether.com\/wp-content\/uploads\/2025\/09\/Reinosa4-600x405.jpg 600w\" sizes=\"auto, (max-width: 1150px) 100vw, 1150px\" \/><\/figure>\n\n\n\n<div class=\"wp-block-group has-background-background-color has-background has-global-padding is-layout-constrained wp-container-core-group-is-layout-23b1a4dc wp-block-group-is-layout-constrained\" style=\"border-top-left-radius:0rem;border-top-right-radius:0rem;border-bottom-right-radius:0rem;padding-top:var(--wp--preset--spacing--30);padding-right:var(--wp--preset--spacing--30);padding-bottom:var(--wp--preset--spacing--30);padding-left:var(--wp--preset--spacing--30)\">\n<div class=\"wp-block-group is-vertical is-content-justification-left is-nowrap is-layout-flex wp-container-core-group-is-layout-c0c59743 wp-block-group-is-layout-flex\">\n<h3 class=\"wp-block-heading\" style=\"font-size:clamp(14px, 0.875rem + ((1vw - 3.2px) * 0.625), 20px);line-height:1.5\">Reinosa - Agotado<\/h3>\n\n\n\n<p class=\"has-small-font-size\" style=\"text-transform:uppercase\">2026-08-12<\/p>\n<\/div>\n\n\n\n<p class=\"has-small-font-size\" style=\"margin-top:16px\">Reserva una habitaci\u00f3n en una de las casas m\u00e1s bonitas de Le\u00f3n y Castilla.<\/p>\n<\/div>\n<\/div>\n\n\n\n<div class=\"wp-block-column is-layout-flow wp-container-core-column-is-layout-8a368f38 wp-block-column-is-layout-flow\">\n<figure class=\"wp-block-image size-full has-custom-border\"><img loading=\"lazy\" decoding=\"async\" width=\"1700\" height=\"1056\" src=\"https:\/\/totaltogether.com\/wp-content\/uploads\/2025\/09\/cantabria-santander.jpeg\" alt=\"\" class=\"wp-image-478\" style=\"border-top-left-radius:5rem;border-top-right-radius:0.5rem;border-bottom-left-radius:0rem;border-bottom-right-radius:0rem;aspect-ratio:1;object-fit:cover\" srcset=\"https:\/\/totaltogether.com\/wp-content\/uploads\/2025\/09\/cantabria-santander.jpeg 1700w, https:\/\/totaltogether.com\/wp-content\/uploads\/2025\/09\/cantabria-santander-300x186.jpeg 300w, https:\/\/totaltogether.com\/wp-content\/uploads\/2025\/09\/cantabria-santander-1024x636.jpeg 1024w, https:\/\/totaltogether.com\/wp-content\/uploads\/2025\/09\/cantabria-santander-768x477.jpeg 768w, https:\/\/totaltogether.com\/wp-content\/uploads\/2025\/09\/cantabria-santander-1536x954.jpeg 1536w, https:\/\/totaltogether.com\/wp-content\/uploads\/2025\/09\/cantabria-santander-600x373.jpeg 600w\" sizes=\"auto, (max-width: 1700px) 100vw, 1700px\" \/><\/figure>\n\n\n\n<div class=\"wp-block-group has-background-background-color has-background has-global-padding is-layout-constrained wp-container-core-group-is-layout-23b1a4dc wp-block-group-is-layout-constrained\" style=\"border-top-left-radius:0rem;border-top-right-radius:0rem;border-bottom-right-radius:0rem;padding-top:var(--wp--preset--spacing--30);padding-right:var(--wp--preset--spacing--30);padding-bottom:var(--wp--preset--spacing--30);padding-left:var(--wp--preset--spacing--30)\">\n<div class=\"wp-block-group is-vertical is-content-justification-left is-nowrap is-layout-flex wp-container-core-group-is-layout-c0c59743 wp-block-group-is-layout-flex\">\n<h3 class=\"wp-block-heading\" style=\"font-size:clamp(14px, 0.875rem + ((1vw - 3.2px) * 0.625), 20px);line-height:1.5\">Paquete de 4 d\u00edas - Lista de espera<\/h3>\n\n\n\n<p class=\"has-small-font-size\" style=\"text-transform:uppercase\">2026-08-12<\/p>\n<\/div>\n\n\n\n<p class=\"has-small-font-size\" style=\"margin-top:16px\">Al\u00f3jese en un exclusivo alojamiento para grupos y presencie el eclipse solar en comunidad<\/p>\n<\/div>\n<\/div>\n<\/div>\n<\/div>\n\n\n\n<div class=\"wp-block-group alignfull has-background-background-color has-background has-global-padding is-layout-constrained wp-block-group-is-layout-constrained\" style=\"margin-top:0;margin-bottom:0;padding-top:var(--wp--preset--spacing--60);padding-bottom:var(--wp--preset--spacing--60)\">\n<div class=\"wp-block-columns alignwide are-vertically-aligned-center is-layout-flex wp-container-core-columns-is-layout-f3a7ff92 wp-block-columns-is-layout-flex\" style=\"border-radius:1.5rem\">\n<div class=\"wp-block-column is-vertically-aligned-center is-layout-flow wp-block-column-is-layout-flow\" style=\"flex-basis:40%\">\n<figure class=\"wp-block-image size-full has-custom-border wp-duotone-primary-and-tertiary\"><img loading=\"lazy\" decoding=\"async\" width=\"896\" height=\"1344\" src=\"https:\/\/totaltogether.com\/wp-content\/uploads\/2025\/09\/u6948323395_httpss.mj_.rundnmjPjgQbqk_Heraldic_poster_lion_ram_3fcdbf1d-e29b-4cc2-93a7-899da5a12557_0.png\" alt=\"\" class=\"wp-image-349\" style=\"border-top-left-radius:1rem;border-top-right-radius:20rem;border-bottom-left-radius:1rem;border-bottom-right-radius:20rem;aspect-ratio:3\/4;object-fit:cover\" srcset=\"https:\/\/totaltogether.com\/wp-content\/uploads\/2025\/09\/u6948323395_httpss.mj_.rundnmjPjgQbqk_Heraldic_poster_lion_ram_3fcdbf1d-e29b-4cc2-93a7-899da5a12557_0.png 896w, https:\/\/totaltogether.com\/wp-content\/uploads\/2025\/09\/u6948323395_httpss.mj_.rundnmjPjgQbqk_Heraldic_poster_lion_ram_3fcdbf1d-e29b-4cc2-93a7-899da5a12557_0-200x300.png 200w, https:\/\/totaltogether.com\/wp-content\/uploads\/2025\/09\/u6948323395_httpss.mj_.rundnmjPjgQbqk_Heraldic_poster_lion_ram_3fcdbf1d-e29b-4cc2-93a7-899da5a12557_0-683x1024.png 683w, https:\/\/totaltogether.com\/wp-content\/uploads\/2025\/09\/u6948323395_httpss.mj_.rundnmjPjgQbqk_Heraldic_poster_lion_ram_3fcdbf1d-e29b-4cc2-93a7-899da5a12557_0-768x1152.png 768w, https:\/\/totaltogether.com\/wp-content\/uploads\/2025\/09\/u6948323395_httpss.mj_.rundnmjPjgQbqk_Heraldic_poster_lion_ram_3fcdbf1d-e29b-4cc2-93a7-899da5a12557_0-600x900.png 600w\" sizes=\"auto, (max-width: 896px) 100vw, 896px\" \/><\/figure>\n<\/div>\n\n\n\n<div class=\"wp-block-column is-vertically-aligned-center is-layout-flow wp-block-column-is-layout-flow\" style=\"flex-basis:50%\">\n<div class=\"wp-block-group has-global-padding is-content-justification-left is-layout-constrained wp-container-core-group-is-layout-cdff7eec wp-block-group-is-layout-constrained\" style=\"padding-top:var(--wp--preset--spacing--30);padding-right:0;padding-bottom:var(--wp--preset--spacing--30);padding-left:0\">\n<h2 class=\"wp-block-heading\" style=\"margin-top:12px\">Descubre Aguilar de Campoo y sus alrededores<\/h2>\n\n\n\n<p class=\"has-medium-font-size\" style=\"margin-top:16px\">Desde monasterios medievales hasta mesetas monta\u00f1osas, la regi\u00f3n que rodea Aguilar de Campoo ofrece innumerables formas de enriquecer su viaje eclipsista. Explore la cultura, la naturaleza y los sabores locales mientras experimenta lo mejor del norte de Espa\u00f1a.<\/p>\n\n\n\n<div class=\"wp-block-buttons is-layout-flex wp-container-core-buttons-is-layout-12dcd427 wp-block-buttons-is-layout-flex\" style=\"margin-top:var(--wp--preset--spacing--40)\">\n<div class=\"wp-block-button\"><a class=\"wp-block-button__link wp-element-button\" href=\"https:\/\/totaltogether.com\/es\/events\/\">Qu\u00e9 hacer<\/a><\/div>\n<\/div>\n<\/div>\n<\/div>\n<\/div>\n<\/div>","protected":false},"excerpt":{"rendered":"<p>Towards Totality on 12 August 2026 Our 2026 total solar eclipse base is located in and around Aguilar de Campoo, right on the path of totality in Northern Spain, within [&hellip;]<\/p>\n","protected":false},"author":1,"featured_media":0,"parent":0,"menu_order":0,"comment_status":"closed","ping_status":"closed","template":"page-with-title","meta":{"_price":"","_stock":"","_tribe_ticket_header":"","_tribe_default_ticket_provider":"","_tribe_ticket_capacity":"0","_ticket_start_date":"","_ticket_end_date":"","_tribe_ticket_show_description":"","_tribe_ticket_show_not_going":false,"_tribe_ticket_use_global_stock":"","_tribe_ticket_global_stock_level":"","_global_stock_mode":"","_global_stock_cap":"","_tribe_rsvp_for_event":"","_tribe_ticket_going_count":"","_tribe_ticket_not_going_count":"","_tribe_tickets_list":"[]","_tribe_ticket_has_attendee_info_fields":false,"_EventAllDay":false,"_EventTimezone":"","_EventStartDate":"","_EventEndDate":"","_EventStartDateUTC":"","_EventEndDateUTC":"","_EventShowMap":false,"_EventShowMapLink":false,"_EventURL":"","_EventCost":"","_EventCostDescription":"","_EventCurrencySymbol":"","_EventCurrencyCode":"","_EventCurrencyPosition":"","_EventDateTimeSeparator":"","_EventTimeRangeSeparator":"","_EventOrganizerID":[],"_EventVenueID":[],"_OrganizerEmail":"","_OrganizerPhone":"","_OrganizerWebsite":"","_VenueAddress":"","_VenueCity":"","_VenueCountry":"","_VenueProvince":"","_VenueState":"","_VenueZip":"","_VenuePhone":"","_VenueURL":"","_VenueStateProvince":"","_VenueLat":"","_VenueLng":"","_VenueShowMap":false,"_VenueShowMapLink":false,"footnotes":"","_tec_slr_enabled":"","_tec_slr_layout":""},"class_list":["post-39","page","type-page","status-publish","hentry"],"aioseo_notices":[],"ticketed":false,"_links":{"self":[{"href":"https:\/\/totaltogether.com\/es\/wp-json\/wp\/v2\/pages\/39","targetHints":{"allow":["GET"]}}],"collection":[{"href":"https:\/\/totaltogether.com\/es\/wp-json\/wp\/v2\/pages"}],"about":[{"href":"https:\/\/totaltogether.com\/es\/wp-json\/wp\/v2\/types\/page"}],"author":[{"embeddable":true,"href":"https:\/\/totaltogether.com\/es\/wp-json\/wp\/v2\/users\/1"}],"replies":[{"embeddable":true,"href":"https:\/\/totaltogether.com\/es\/wp-json\/wp\/v2\/comments?post=39"}],"version-history":[{"count":48,"href":"https:\/\/totaltogether.com\/es\/wp-json\/wp\/v2\/pages\/39\/revisions"}],"predecessor-version":[{"id":912,"href":"https:\/\/totaltogether.com\/es\/wp-json\/wp\/v2\/pages\/39\/revisions\/912"}],"wp:attachment":[{"href":"https:\/\/totaltogether.com\/es\/wp-json\/wp\/v2\/media?parent=39"}],"curies":[{"name":"wp","href":"https:\/\/api.w.org\/{rel}","templated":true}]}}