{"id":365,"date":"2025-09-22T17:23:29","date_gmt":"2025-09-22T15:23:29","guid":{"rendered":"https:\/\/totaltogether.com\/?page_id=365"},"modified":"2025-10-19T18:31:51","modified_gmt":"2025-10-19T16:31:51","slug":"the-world-around-you","status":"publish","type":"page","link":"https:\/\/totaltogether.com\/es\/the-world-around-you\/","title":{"rendered":"El mundo que te rodea"},"content":{"rendered":"<p>\nUn eclipse solar total tambi\u00e9n es un acontecimiento en la Tierra. En los \u00faltimos 10-15 minutos antes de la oscuridad, \n<a href=\"#\" class=\"hover-link\">la luz del d\u00eda se aten\u00faa hasta convertirse en un resplandor inquietante\n  <span class=\"hover-image\">\n    <img decoding=\"async\" src=\"https:\/\/totaltogether.com\/wp-content\/uploads\/2025\/09\/rene-veldwijk-mexico-ecplise.jpg\" alt=\"Solar eclipse glow\">\n  <\/span>\n<\/a>. Los animales se callan; los p\u00e1jaros vuelven a sus nidos. La temperatura baja y puede que se levante una brisa; las nubes pueden formarse o disolverse.\n<\/p>\n\n\n\n<p>Desde un terreno m\u00e1s elevado a veces se puede ver el <a class=\"hover-link\" href=\"#\">La sombra de la luna<span class=\"hover-image\"> <img decoding=\"async\" src=\"https:\/\/totaltogether.com\/wp-content\/uploads\/2025\/09\/moonshadow.png\" alt=\"Moon shadow\"> <\/span><\/a> una cortina oscura que atraviesa el paisaje a unos 1.700 km por hora. Aunque la trayectoria del eclipse es bastante amplia, justo fuera de la sombra sigue siendo de d\u00eda.<\/p>\n\n\n\n<p>Despu\u00e9s de la totalidad, todo se invierte: vuelve la luz, los p\u00e1jaros reemprenden el vuelo, la Luna se desliza fuera del Sol. Ninguna foto o v\u00eddeo capta realmente los fen\u00f3menos luminosos ni las emociones; el ojo humano y la memoria ganan siempre.<\/p>","protected":false},"excerpt":{"rendered":"<p>A total solar eclipse is also an event on Earth. In the final 10\u201315 minutes before darkness, daylight dims to an eerie glow . Animals grow quiet; birds return to [&hellip;]<\/p>\n","protected":false},"author":1,"featured_media":0,"parent":0,"menu_order":0,"comment_status":"closed","ping_status":"closed","template":"page-with-title","meta":{"_price":"","_stock":"","_tribe_ticket_header":"","_tribe_default_ticket_provider":"","_tribe_ticket_capacity":"0","_ticket_start_date":"","_ticket_end_date":"","_tribe_ticket_show_description":"","_tribe_ticket_show_not_going":false,"_tribe_ticket_use_global_stock":"","_tribe_ticket_global_stock_level":"","_global_stock_mode":"","_global_stock_cap":"","_tribe_rsvp_for_event":"","_tribe_ticket_going_count":"","_tribe_ticket_not_going_count":"","_tribe_tickets_list":"[]","_tribe_ticket_has_attendee_info_fields":false,"_EventAllDay":false,"_EventTimezone":"","_EventStartDate":"","_EventEndDate":"","_EventStartDateUTC":"","_EventEndDateUTC":"","_EventShowMap":false,"_EventShowMapLink":false,"_EventURL":"","_EventCost":"","_EventCostDescription":"","_EventCurrencySymbol":"","_EventCurrencyCode":"","_EventCurrencyPosition":"","_EventDateTimeSeparator":"","_EventTimeRangeSeparator":"","_EventOrganizerID":[],"_EventVenueID":[],"_OrganizerEmail":"","_OrganizerPhone":"","_OrganizerWebsite":"","_VenueAddress":"","_VenueCity":"","_VenueCountry":"","_VenueProvince":"","_VenueState":"","_VenueZip":"","_VenuePhone":"","_VenueURL":"","_VenueStateProvince":"","_VenueLat":"","_VenueLng":"","_VenueShowMap":false,"_VenueShowMapLink":false,"footnotes":"","_tec_slr_enabled":"","_tec_slr_layout":""},"class_list":["post-365","page","type-page","status-publish","hentry"],"aioseo_notices":[],"ticketed":false,"_links":{"self":[{"href":"https:\/\/totaltogether.com\/es\/wp-json\/wp\/v2\/pages\/365","targetHints":{"allow":["GET"]}}],"collection":[{"href":"https:\/\/totaltogether.com\/es\/wp-json\/wp\/v2\/pages"}],"about":[{"href":"https:\/\/totaltogether.com\/es\/wp-json\/wp\/v2\/types\/page"}],"author":[{"embeddable":true,"href":"https:\/\/totaltogether.com\/es\/wp-json\/wp\/v2\/users\/1"}],"replies":[{"embeddable":true,"href":"https:\/\/totaltogether.com\/es\/wp-json\/wp\/v2\/comments?post=365"}],"version-history":[{"count":11,"href":"https:\/\/totaltogether.com\/es\/wp-json\/wp\/v2\/pages\/365\/revisions"}],"predecessor-version":[{"id":827,"href":"https:\/\/totaltogether.com\/es\/wp-json\/wp\/v2\/pages\/365\/revisions\/827"}],"wp:attachment":[{"href":"https:\/\/totaltogether.com\/es\/wp-json\/wp\/v2\/media?parent=365"}],"curies":[{"name":"wp","href":"https:\/\/api.w.org\/{rel}","templated":true}]}}