{"id":363,"date":"2025-09-22T17:21:28","date_gmt":"2025-09-22T15:21:28","guid":{"rendered":"https:\/\/totaltogether.com\/?page_id=363"},"modified":"2025-10-19T18:27:37","modified_gmt":"2025-10-19T16:27:37","slug":"things-to-spot","status":"publish","type":"page","link":"https:\/\/totaltogether.com\/es\/things-to-spot\/","title":{"rendered":"Cosas que ver"},"content":{"rendered":"<p>\nEn los \u00faltimos minutos antes de la totalidad, el propio mundo se convierte en un espect\u00e1culo. A trav\u00e9s de un \n<a href=\"#\" class=\"hover-link\">escurridor de cocina\n  <span class=\"hover-image\">\n    <img decoding=\"async\" src=\"https:\/\/totaltogether.com\/wp-content\/uploads\/2025\/09\/colander-australia.jpeg\" alt=\"Kitchen colander effect\">\n  <\/span>\n<\/a>\n o bajo un \u00e1rbol frondoso ver\u00e1s cientos de diminutos Soles en cuarto creciente danzando sobre el suelo: el efecto c\u00e1mara-obscura. Sobre una toalla blanca puede que incluso veas bandas de sombra, rayas brillantes causadas por la turbulencia atmosf\u00e9rica cuando el Sol se reduce a un punto.\n<\/p>\n\n\n\n<p>\nEn cuanto el Sol se cubre totalmente, el cielo se convierte en un panorama nocturno. \n<strong>Venus<\/strong> brilla intensamente en la parte superior izquierda del Sol; cerca del horizonte \n<strong>J\u00fapiter<\/strong> y <strong>Mercurio<\/strong> \n<a href=\"#\" class=\"hover-link\">aparece\n  <span class=\"hover-image\">\n    <img decoding=\"async\" src=\"https:\/\/totaltogether.com\/wp-content\/uploads\/2025\/09\/stars.png\" alt=\"Planets appear\">\n  <\/span>\n<\/a>.\nCon prism\u00e1ticos se puede vislumbrar <strong>prominencias y erupciones solares<\/strong> fuentes ardientes de gas en el borde del disco eclipsado.\n<\/p>\n\n\n\n<p>No olvide mirar a su alrededor: el horizonte de 360 grados resplandeciendo como una puesta de sol, el repentino fr\u00edo en el aire y el silencio entre la multitud. Estos detalles sensoriales hacen del eclipse total una experiencia multidimensional.<\/p>\n\n\n\n<p>M\u00e1s sobre eclipses:<\/p>\n\n\n\n<p><a href=\"https:\/\/www.eclipsewise.com\"><strong>EclipseWise.com - Fred Espenak<\/strong><\/a>: compruebe los tiempos de contacto precisos y los datos de visibilidad de estrellas y planetas.<\/p>\n\n\n\n<p><a href=\"https:\/\/www.whenisthenexteclipse.com\"><strong>WhenIsTheNextEclipse.com - Jamie Carter<\/strong><\/a>Art\u00edculos sobre fen\u00f3menos raros de los eclipses, como las bandas de sombra y las prominencias.<\/p>\n\n\n\n<p><a href=\"https:\/\/eclipses.ign.es?utm_source=chatgpt.com\"><strong>Eclipses visibles en Espa\u00f1a - Instituto Geogr\u00e1fico Nacional (IGN)<\/strong><\/a>: sitio oficial del Gobierno espa\u00f1ol con herramientas interactivas para los horarios locales y los fen\u00f3menos visibles en Espa\u00f1a.<\/p>\n\n\n\n<p><a href=\"https:\/\/www.nationaleclipse.com\"><strong>NationalEclipse.com<\/strong><\/a>: gu\u00edas sobre la observaci\u00f3n segura y qu\u00e9 esperar durante cada fase.<\/p>","protected":false},"excerpt":{"rendered":"<p>In the last minutes before totality the world itself becomes a show. Through a kitchen colander or under a leafy tree you\u2019ll see hundreds of tiny crescent Suns dancing on [&hellip;]<\/p>\n","protected":false},"author":1,"featured_media":0,"parent":0,"menu_order":0,"comment_status":"closed","ping_status":"closed","template":"page-with-title","meta":{"_price":"","_stock":"","_tribe_ticket_header":"","_tribe_default_ticket_provider":"","_tribe_ticket_capacity":"0","_ticket_start_date":"","_ticket_end_date":"","_tribe_ticket_show_description":"","_tribe_ticket_show_not_going":false,"_tribe_ticket_use_global_stock":"","_tribe_ticket_global_stock_level":"","_global_stock_mode":"","_global_stock_cap":"","_tribe_rsvp_for_event":"","_tribe_ticket_going_count":"","_tribe_ticket_not_going_count":"","_tribe_tickets_list":"[]","_tribe_ticket_has_attendee_info_fields":false,"_EventAllDay":false,"_EventTimezone":"","_EventStartDate":"","_EventEndDate":"","_EventStartDateUTC":"","_EventEndDateUTC":"","_EventShowMap":false,"_EventShowMapLink":false,"_EventURL":"","_EventCost":"","_EventCostDescription":"","_EventCurrencySymbol":"","_EventCurrencyCode":"","_EventCurrencyPosition":"","_EventDateTimeSeparator":"","_EventTimeRangeSeparator":"","_EventOrganizerID":[],"_EventVenueID":[],"_OrganizerEmail":"","_OrganizerPhone":"","_OrganizerWebsite":"","_VenueAddress":"","_VenueCity":"","_VenueCountry":"","_VenueProvince":"","_VenueState":"","_VenueZip":"","_VenuePhone":"","_VenueURL":"","_VenueStateProvince":"","_VenueLat":"","_VenueLng":"","_VenueShowMap":false,"_VenueShowMapLink":false,"footnotes":"","_tec_slr_enabled":"","_tec_slr_layout":""},"class_list":["post-363","page","type-page","status-publish","hentry"],"aioseo_notices":[],"ticketed":false,"_links":{"self":[{"href":"https:\/\/totaltogether.com\/es\/wp-json\/wp\/v2\/pages\/363","targetHints":{"allow":["GET"]}}],"collection":[{"href":"https:\/\/totaltogether.com\/es\/wp-json\/wp\/v2\/pages"}],"about":[{"href":"https:\/\/totaltogether.com\/es\/wp-json\/wp\/v2\/types\/page"}],"author":[{"embeddable":true,"href":"https:\/\/totaltogether.com\/es\/wp-json\/wp\/v2\/users\/1"}],"replies":[{"embeddable":true,"href":"https:\/\/totaltogether.com\/es\/wp-json\/wp\/v2\/comments?post=363"}],"version-history":[{"count":10,"href":"https:\/\/totaltogether.com\/es\/wp-json\/wp\/v2\/pages\/363\/revisions"}],"predecessor-version":[{"id":826,"href":"https:\/\/totaltogether.com\/es\/wp-json\/wp\/v2\/pages\/363\/revisions\/826"}],"wp:attachment":[{"href":"https:\/\/totaltogether.com\/es\/wp-json\/wp\/v2\/media?parent=363"}],"curies":[{"name":"wp","href":"https:\/\/api.w.org\/{rel}","templated":true}]}}