{"id":360,"date":"2025-09-22T17:07:02","date_gmt":"2025-09-22T15:07:02","guid":{"rendered":"https:\/\/totaltogether.com\/?page_id=360"},"modified":"2025-10-19T18:16:14","modified_gmt":"2025-10-19T16:16:14","slug":"total-solar-eclipse","status":"publish","type":"page","link":"https:\/\/totaltogether.com\/es\/total-solar-eclipse\/","title":{"rendered":"Eclipse solar total"},"content":{"rendered":"<p>La mayor\u00eda de la gente que dice que un eclipse es \u201cbastante guay\u201d est\u00e1 hablando de un <strong>parcial<\/strong> eclipse, el Sol s\u00f3lo brilla un poco menos y se puede ver un trocito que falta con gafas de eclipse. Sin embargo, hasta la m\u00e1s m\u00ednima pizca de Sol estropea todo el efecto. <\/p>\n\n\n\n<p>Durante un <strong>total<\/strong> eclipse solar la luz se apaga de verdad: la Luna cubre completamente el disco del Sol y, s\u00f3lo entonces, se puede ver -a simple vista- por primera vez.la brillante atm\u00f3sfera exterior del Sol. <a class=\"hover-link\" href=\"#\"><strong>la corona<\/strong>.<br>  <span class=\"hover-image\"><br>   <img decoding=\"async\" src=\"https:\/\/totaltogether.com\/wp-content\/uploads\/2025\/09\/corono.png\" alt=\"Corona of the Sun\"><\/span><\/a><\/p>\n\n\n\n<p>La totalidad es rara. A menos que viaje, hay menos de un 25% de probabilidades de experimentar una en su vida. La trayectoria de la sombra de la Luna es estrecha, a menudo de unos 100 km de ancho. As\u00ed que hay que estar en el lugar exacto, idealmente cerca de la Luna. <strong>l\u00ednea central<\/strong>, para disfrutar de la oscuridad m\u00e1s prolongada.<\/p>\n\n\n\n<p>\nEn <strong>12 de agosto de 2026<\/strong> llega nuestro momento: el atardecer en el norte de Espa\u00f1a, \n<a href=\"#\" class=\"hover-link\">alrededores de Aguilar de Campoo\n  <span class=\"hover-image\">\n    <img decoding=\"async\" src=\"https:\/\/totaltogether.com\/wp-content\/uploads\/2025\/09\/totality-in-aguilar-1.png\" alt=\"Aguilar de Campoo\">\n  <\/span>\n<\/a>, tendr\u00e1 m\u00e1s de un minuto y medio de un Sol totalmente eclipsado. Como el Sol estar\u00e1 bajo, es especialmente importante tener el horizonte despejado. Por eso merece la pena viajar para ver un eclipse: esa interacci\u00f3n \u00fanica de f\u00edsica, naturaleza y emoci\u00f3n comprimida en unos minutos que cortan la respiraci\u00f3n.\n<\/p>\n\n\n\n<div class=\"wp-block-group has-global-padding is-layout-constrained wp-block-group-is-layout-constrained\">\n<p>Planifique o profundice su experiencia con estos recursos de confianza:<\/p>\n\n\n\n<p><a href=\"https:\/\/www.eclipseatlas.com\"><strong>Atlas Eclipse - Michael Zeiler<\/strong><\/a>: mapas mundiales interactivos con trayectorias y horarios detallados de los eclipses.<\/p>\n\n\n\n<p><a href=\"https:\/\/www.eclipsewise.com\"><strong>EclipseWise.com - Fred Espenak<\/strong><\/a>: Predicciones y tablas de la NASA sobre eclipses pasados y futuros.<\/p>\n\n\n\n<p><a href=\"https:\/\/www.whenisthenexteclipse.com\"><strong>WhenIsTheNextEclipse.com - Jamie Carter<\/strong><\/a>: gu\u00edas de f\u00e1cil lectura y consejos de viaje para los pr\u00f3ximos eclipses.<\/p>\n\n\n\n<p><a><strong>P\u00e1gina web Eclipse de Xavier Jubier<\/strong><\/a>: calculadoras de precisi\u00f3n y superposiciones de Google Maps para planificar el eclipse.<\/p>\n\n\n\n<p><a href=\"https:\/\/www.nationaleclipse.com\"><strong>NationalEclipse.com<\/strong><\/a>: informaci\u00f3n pr\u00e1ctica sobre el visionado, consejos de seguridad y eventos centrados en Estados Unidos.<\/p>\n\n\n\n<p><a href=\"https:\/\/eclipses.ign.es?utm_source=chatgpt.com\"><strong>Eclipses visibles en Espa\u00f1a - Instituto Geogr\u00e1fico Nacional (IGN)<\/strong><\/a>Sitio oficial del Gobierno espa\u00f1ol con mapas, horarios e informaci\u00f3n local sobre el eclipse de 2026.<\/p>\n<\/div>","protected":false},"excerpt":{"rendered":"<p>Most people calling an eclipse \u201cpretty cool\u201d are talking about a partial eclipse, the Sun just shines a little less brightly and you can see a bite missing with eclipse [&hellip;]<\/p>\n","protected":false},"author":1,"featured_media":0,"parent":0,"menu_order":0,"comment_status":"closed","ping_status":"closed","template":"page-with-title","meta":{"_price":"","_stock":"","_tribe_ticket_header":"","_tribe_default_ticket_provider":"","_tribe_ticket_capacity":"0","_ticket_start_date":"","_ticket_end_date":"","_tribe_ticket_show_description":"","_tribe_ticket_show_not_going":false,"_tribe_ticket_use_global_stock":"","_tribe_ticket_global_stock_level":"","_global_stock_mode":"","_global_stock_cap":"","_tribe_rsvp_for_event":"","_tribe_ticket_going_count":"","_tribe_ticket_not_going_count":"","_tribe_tickets_list":"[]","_tribe_ticket_has_attendee_info_fields":false,"_EventAllDay":false,"_EventTimezone":"","_EventStartDate":"","_EventEndDate":"","_EventStartDateUTC":"","_EventEndDateUTC":"","_EventShowMap":false,"_EventShowMapLink":false,"_EventURL":"","_EventCost":"","_EventCostDescription":"","_EventCurrencySymbol":"","_EventCurrencyCode":"","_EventCurrencyPosition":"","_EventDateTimeSeparator":"","_EventTimeRangeSeparator":"","_EventOrganizerID":[],"_EventVenueID":[],"_OrganizerEmail":"","_OrganizerPhone":"","_OrganizerWebsite":"","_VenueAddress":"","_VenueCity":"","_VenueCountry":"","_VenueProvince":"","_VenueState":"","_VenueZip":"","_VenuePhone":"","_VenueURL":"","_VenueStateProvince":"","_VenueLat":"","_VenueLng":"","_VenueShowMap":false,"_VenueShowMapLink":false,"footnotes":"","_tec_slr_enabled":"","_tec_slr_layout":""},"class_list":["post-360","page","type-page","status-publish","hentry"],"aioseo_notices":[],"ticketed":false,"_links":{"self":[{"href":"https:\/\/totaltogether.com\/es\/wp-json\/wp\/v2\/pages\/360","targetHints":{"allow":["GET"]}}],"collection":[{"href":"https:\/\/totaltogether.com\/es\/wp-json\/wp\/v2\/pages"}],"about":[{"href":"https:\/\/totaltogether.com\/es\/wp-json\/wp\/v2\/types\/page"}],"author":[{"embeddable":true,"href":"https:\/\/totaltogether.com\/es\/wp-json\/wp\/v2\/users\/1"}],"replies":[{"embeddable":true,"href":"https:\/\/totaltogether.com\/es\/wp-json\/wp\/v2\/comments?post=360"}],"version-history":[{"count":12,"href":"https:\/\/totaltogether.com\/es\/wp-json\/wp\/v2\/pages\/360\/revisions"}],"predecessor-version":[{"id":818,"href":"https:\/\/totaltogether.com\/es\/wp-json\/wp\/v2\/pages\/360\/revisions\/818"}],"wp:attachment":[{"href":"https:\/\/totaltogether.com\/es\/wp-json\/wp\/v2\/media?parent=360"}],"curies":[{"name":"wp","href":"https:\/\/api.w.org\/{rel}","templated":true}]}}