{"id":35,"date":"2025-09-03T12:50:10","date_gmt":"2025-09-03T12:50:10","guid":{"rendered":"https:\/\/totaltogether.com\/boeking\/"},"modified":"2025-10-28T16:29:05","modified_gmt":"2025-10-28T15:29:05","slug":"eclipse-trips-2027","status":"publish","type":"page","link":"https:\/\/totaltogether.com\/es\/eclipse-trips-2027\/","title":{"rendered":"Viajes Eclipse 2027 - Sur de Espa\u00f1a\/Norte de \u00c1frica"},"content":{"rendered":"<div class=\"wp-block-group alignfull has-background-background-color has-background has-global-padding is-layout-constrained wp-container-core-group-is-layout-fb85e995 wp-block-group-is-layout-constrained\" style=\"margin-top:0;margin-bottom:0;padding-top:var(--wp--preset--spacing--60);padding-right:var(--wp--preset--spacing--30);padding-bottom:var(--wp--preset--spacing--60);padding-left:var(--wp--preset--spacing--30)\">\n<div class=\"wp-block-columns alignwide are-vertically-aligned-center is-layout-flex wp-container-core-columns-is-layout-cbe57604 wp-block-columns-is-layout-flex\">\n<div class=\"wp-block-column is-vertically-aligned-center is-layout-flow wp-block-column-is-layout-flow\">\n<div class=\"wp-block-group alignwide has-global-padding is-content-justification-left is-layout-constrained wp-container-core-group-is-layout-9bb5df40 wp-block-group-is-layout-constrained\" style=\"margin-bottom:var(--wp--preset--spacing--40)\">\n<h2 class=\"wp-block-heading has-large-font-size\">Viento, olas y totalidad el 2 de agosto de 2027<\/h2>\n\n\n\n<p style=\"margin-top:16px\">El lunes 2 de agosto de 2027, la trayectoria de la totalidad cruza el Estrecho de Gibraltar, poniendo a Tarifa, Ceuta y Melilla, y T\u00e1nger a la sombra. En Tarifa, la totalidad durar\u00e1 unos 4 minutos y 40 segundos.<\/p>\n\n\n\n<p>Estamos explorando activamente la costa alrededor de Tarifa, las playas a nivel del mar y las crestas ventosas a lo largo del Mediterr\u00e1neo espa\u00f1ol, y la costa norte de Marruecos y T\u00fanez. El objetivo: horizontes despejados y abiertos, f\u00e1cil acceso y movimientos inteligentes de \"plan A\/B\/C\" si los vientos costeros o las nubes cambian la ma\u00f1ana del eclipse.<\/p>\n\n\n\n<figure class=\"wp-block-image size-large\"><img loading=\"lazy\" decoding=\"async\" width=\"1024\" height=\"429\" src=\"https:\/\/totaltogether.com\/wp-content\/uploads\/2025\/09\/snippet-path-totality-2027-1024x429.png\" alt=\"\" class=\"wp-image-553\" srcset=\"https:\/\/totaltogether.com\/wp-content\/uploads\/2025\/09\/snippet-path-totality-2027-1024x429.png 1024w, https:\/\/totaltogether.com\/wp-content\/uploads\/2025\/09\/snippet-path-totality-2027-300x126.png 300w, https:\/\/totaltogether.com\/wp-content\/uploads\/2025\/09\/snippet-path-totality-2027-768x322.png 768w, https:\/\/totaltogether.com\/wp-content\/uploads\/2025\/09\/snippet-path-totality-2027-1536x644.png 1536w, https:\/\/totaltogether.com\/wp-content\/uploads\/2025\/09\/snippet-path-totality-2027-2048x858.png 2048w, https:\/\/totaltogether.com\/wp-content\/uploads\/2025\/09\/snippet-path-totality-2027-600x251.png 600w\" sizes=\"auto, (max-width: 1024px) 100vw, 1024px\" \/><figcaption class=\"wp-element-caption\">\u00a9 Xavier Jubier (http:\/\/xjubier.free.fr)<\/figcaption><\/figure>\n\n\n\n<p><\/p>\n\n\n\n<p style=\"margin-top:16px\">Estamos preparando nuevos viajes para el eclipse total de sol de 2027 en el sur de Espa\u00f1a y el norte de \u00c1frica. Muestra tu inter\u00e9s a continuaci\u00f3n para mantenerte informado a medida que se desarrollen los planes.<\/p>\n<\/div>\n\n\n\n<div class=\"wp-block-buttons is-layout-flex wp-block-buttons-is-layout-flex\"><\/div>\n<\/div>\n\n\n\n<div class=\"wp-block-column is-vertically-aligned-center is-layout-flow wp-block-column-is-layout-flow\">\n<figure class=\"wp-block-image has-custom-border\"><img loading=\"lazy\" decoding=\"async\" width=\"1024\" height=\"1024\" src=\"https:\/\/totaltogether.com\/wp-content\/uploads\/2025\/09\/tarifa-2027.jpg\" alt=\"\" class=\"wp-image-272\" style=\"border-top-left-radius:1rem;border-top-right-radius:1rem;border-bottom-left-radius:20rem;border-bottom-right-radius:20rem;aspect-ratio:1;object-fit:cover\" srcset=\"https:\/\/totaltogether.com\/wp-content\/uploads\/2025\/09\/tarifa-2027.jpg 1024w, https:\/\/totaltogether.com\/wp-content\/uploads\/2025\/09\/tarifa-2027-300x300.jpg 300w, https:\/\/totaltogether.com\/wp-content\/uploads\/2025\/09\/tarifa-2027-150x150.jpg 150w, https:\/\/totaltogether.com\/wp-content\/uploads\/2025\/09\/tarifa-2027-768x768.jpg 768w, https:\/\/totaltogether.com\/wp-content\/uploads\/2025\/09\/tarifa-2027-600x600.jpg 600w, https:\/\/totaltogether.com\/wp-content\/uploads\/2025\/09\/tarifa-2027-100x100.jpg 100w\" sizes=\"auto, (max-width: 1024px) 100vw, 1024px\" \/><\/figure>\n<\/div>\n<\/div>\n<\/div>\n\n\n\n<div class=\"wp-block-group alignfull has-tertiary-background-color has-background has-global-padding is-layout-constrained wp-container-core-group-is-layout-7276a2bb wp-block-group-is-layout-constrained\" style=\"margin-top:0;margin-bottom:0;padding-top:var(--wp--preset--spacing--60);padding-right:var(--wp--preset--spacing--30);padding-bottom:var(--wp--preset--spacing--60);padding-left:var(--wp--preset--spacing--30)\">\n<div class=\"wp-block-columns alignwide is-layout-flex wp-container-core-columns-is-layout-28f84493 wp-block-columns-is-layout-flex\">\n<div class=\"wp-block-column is-layout-flow wp-container-core-column-is-layout-119bc444 wp-block-column-is-layout-flow\">\n<h2 class=\"wp-block-heading has-large-font-size\">Formulario de inscripci\u00f3n<\/h2>\n\n\n\n<p style=\"margin-top:16px\">\u00bfPlanea asistir al eclipse total de sol del 2 de agosto de 2027? Utilice este formulario no vinculante para registrar su inter\u00e9s y mantenerse informado sobre lugares, opciones de viaje y eventos comunitarios a lo largo de la trayectoria del eclipse.<\/p>\n\n\n\n<div class=\"wp-block-contact-form-7-contact-form-selector\">\n<div class=\"wpcf7 no-js\" id=\"wpcf7-f29-o1\" lang=\"nl-NL\" dir=\"ltr\" data-wpcf7-id=\"29\">\n<div class=\"screen-reader-response\"><p role=\"status\" aria-live=\"polite\" aria-atomic=\"true\"><\/p> <ul><\/ul><\/div>\n<form action=\"\/es\/wp-json\/wp\/v2\/pages\/35#wpcf7-f29-o1\" method=\"post\" class=\"wpcf7-form init\" aria-label=\"Formulario de contacto\" novalidate=\"novalidate\" data-status=\"init\" data-trp-original-action=\"\/es\/wp-json\/wp\/v2\/pages\/35#wpcf7-f29-o1\">\n<fieldset class=\"hidden-fields-container\"><input type=\"hidden\" name=\"_wpcf7\" value=\"29\" \/><input type=\"hidden\" name=\"_wpcf7_version\" value=\"6.1.5\" \/><input type=\"hidden\" name=\"_wpcf7_locale\" value=\"nl_NL\" \/><input type=\"hidden\" name=\"_wpcf7_unit_tag\" value=\"wpcf7-f29-o1\" \/><input type=\"hidden\" name=\"_wpcf7_container_post\" value=\"0\" \/><input type=\"hidden\" name=\"_wpcf7_posted_data_hash\" value=\"\" \/>\n<\/fieldset>\n<p><label> Su nombre<br \/>\n<span class=\"wpcf7-form-control-wrap\" data-name=\"your-name\"><input size=\"40\" maxlength=\"400\" class=\"wpcf7-form-control wpcf7-text wpcf7-validates-as-required\" aria-required=\"true\" aria-invalid=\"false\" value=\"\" type=\"text\" name=\"your-name\" \/><\/span><br \/>\n<\/label>\n<\/p>\n<p><label> Tu e-mail<br \/>\n<span class=\"wpcf7-form-control-wrap\" data-name=\"your-email\"><input size=\"40\" maxlength=\"400\" class=\"wpcf7-form-control wpcf7-email wpcf7-validates-as-required wpcf7-text wpcf7-validates-as-email\" aria-required=\"true\" aria-invalid=\"false\" value=\"\" type=\"email\" name=\"your-email\" \/><\/span><br \/>\n<\/label>\n<\/p>\n<p>Regi\u00f3n(es) preferida(s) para el viaje del eclipse de 2027\n<\/p>\n<p><span class=\"wpcf7-form-control-wrap\" data-name=\"region\"><span class=\"wpcf7-form-control wpcf7-checkbox wpcf7-validates-as-required\"><span class=\"wpcf7-list-item first\"><label><input type=\"checkbox\" name=\"region[]\" value=\"Southern Spain (Tarifa, Gibraltar)\" \/><span class=\"wpcf7-list-item-label\">Sur de Espa\u00f1a (Tarifa, Gibraltar)<\/span><\/label><\/span><span class=\"wpcf7-list-item\"><label><input type=\"checkbox\" name=\"region[]\" value=\"Morocco\u2019s Mediterranean Coast (Tangier, Tetouan)\" \/><span class=\"wpcf7-list-item-label\">Costa mediterr\u00e1nea de Marruecos (T\u00e1nger, Tetu\u00e1n)<\/span><\/label><\/span><span class=\"wpcf7-list-item\"><label><input type=\"checkbox\" name=\"region[]\" value=\"Tunisia (Sfax, Kairouan)\" \/><span class=\"wpcf7-list-item-label\">T\u00fanez (Sfax, Kairouan)<\/span><\/label><\/span><span class=\"wpcf7-list-item last\"><label><input type=\"checkbox\" name=\"region[]\" value=\"Mediterranean Sea (boat-based)\" \/><span class=\"wpcf7-list-item-label\">Mar Mediterr\u00e1neo (en barco)<\/span><\/label><\/span><\/span><\/span>\n<\/p>\n<p>Duraci\u00f3n preferida del viaje\n<\/p>\n<p><span class=\"wpcf7-form-control-wrap\" data-name=\"radio-319\"><span class=\"wpcf7-form-control wpcf7-radio\"><span class=\"wpcf7-list-item first\"><label><input type=\"radio\" name=\"radio-319\" value=\"1 day\" \/><span class=\"wpcf7-list-item-label\">1 d\u00eda<\/span><\/label><\/span><span class=\"wpcf7-list-item\"><label><input type=\"radio\" name=\"radio-319\" value=\"2-3 days\" \/><span class=\"wpcf7-list-item-label\">2-3 d\u00edas<\/span><\/label><\/span><span class=\"wpcf7-list-item\"><label><input type=\"radio\" name=\"radio-319\" value=\"4-5 days\" \/><span class=\"wpcf7-list-item-label\">4-5 d\u00edas<\/span><\/label><\/span><span class=\"wpcf7-list-item last\"><label><input type=\"radio\" name=\"radio-319\" value=\"More than 5 days\" \/><span class=\"wpcf7-list-item-label\">M\u00e1s de 5 d\u00edas<\/span><\/label><\/span><\/span><\/span>\n<\/p>\n<p><label> Comentarios adicionales<br \/>\n<span class=\"wpcf7-form-control-wrap\" data-name=\"your-message\"><textarea cols=\"40\" rows=\"10\" maxlength=\"2000\" class=\"wpcf7-form-control wpcf7-textarea\" aria-invalid=\"false\" name=\"your-message\"><\/textarea><\/span><br \/>\n<\/label>\n<\/p>\n<p><input class=\"wpcf7-form-control wpcf7-submit has-spinner\" type=\"submit\" value=\"Enviar mi inter\u00e9s\" \/>\n<\/p><div class=\"wpcf7-response-output\" aria-hidden=\"true\"><\/div>\n<input type=\"hidden\" name=\"trp-form-language\" value=\"es\"\/><\/form>\n<\/div>\n<\/div>\n<\/div>\n<\/div>\n<\/div>","protected":false},"excerpt":{"rendered":"<p>Wind, Waves &amp; Totality on 2 August 2027 On Monday, August 2, 2027, the path of totality crosses the Strait of Gibraltar, putting Tarifa, Ceuta and Melilla, and Tangier in [&hellip;]<\/p>\n","protected":false},"author":1,"featured_media":0,"parent":0,"menu_order":0,"comment_status":"closed","ping_status":"closed","template":"page-with-title","meta":{"_price":"","_stock":"","_tribe_ticket_header":"","_tribe_default_ticket_provider":"","_tribe_ticket_capacity":"0","_ticket_start_date":"","_ticket_end_date":"","_tribe_ticket_show_description":"","_tribe_ticket_show_not_going":false,"_tribe_ticket_use_global_stock":"","_tribe_ticket_global_stock_level":"","_global_stock_mode":"","_global_stock_cap":"","_tribe_rsvp_for_event":"","_tribe_ticket_going_count":"","_tribe_ticket_not_going_count":"","_tribe_tickets_list":"[]","_tribe_ticket_has_attendee_info_fields":false,"_EventAllDay":false,"_EventTimezone":"","_EventStartDate":"","_EventEndDate":"","_EventStartDateUTC":"","_EventEndDateUTC":"","_EventShowMap":false,"_EventShowMapLink":false,"_EventURL":"","_EventCost":"","_EventCostDescription":"","_EventCurrencySymbol":"","_EventCurrencyCode":"","_EventCurrencyPosition":"","_EventDateTimeSeparator":"","_EventTimeRangeSeparator":"","_EventOrganizerID":[],"_EventVenueID":[],"_OrganizerEmail":"","_OrganizerPhone":"","_OrganizerWebsite":"","_VenueAddress":"","_VenueCity":"","_VenueCountry":"","_VenueProvince":"","_VenueState":"","_VenueZip":"","_VenuePhone":"","_VenueURL":"","_VenueStateProvince":"","_VenueLat":"","_VenueLng":"","_VenueShowMap":false,"_VenueShowMapLink":false,"footnotes":"","_tec_slr_enabled":"","_tec_slr_layout":""},"class_list":["post-35","page","type-page","status-publish","hentry"],"aioseo_notices":[],"ticketed":false,"_links":{"self":[{"href":"https:\/\/totaltogether.com\/es\/wp-json\/wp\/v2\/pages\/35","targetHints":{"allow":["GET"]}}],"collection":[{"href":"https:\/\/totaltogether.com\/es\/wp-json\/wp\/v2\/pages"}],"about":[{"href":"https:\/\/totaltogether.com\/es\/wp-json\/wp\/v2\/types\/page"}],"author":[{"embeddable":true,"href":"https:\/\/totaltogether.com\/es\/wp-json\/wp\/v2\/users\/1"}],"replies":[{"embeddable":true,"href":"https:\/\/totaltogether.com\/es\/wp-json\/wp\/v2\/comments?post=35"}],"version-history":[{"count":36,"href":"https:\/\/totaltogether.com\/es\/wp-json\/wp\/v2\/pages\/35\/revisions"}],"predecessor-version":[{"id":916,"href":"https:\/\/totaltogether.com\/es\/wp-json\/wp\/v2\/pages\/35\/revisions\/916"}],"wp:attachment":[{"href":"https:\/\/totaltogether.com\/es\/wp-json\/wp\/v2\/media?parent=35"}],"curies":[{"name":"wp","href":"https:\/\/api.w.org\/{rel}","templated":true}]}}