{"id":34,"date":"2025-09-03T12:50:09","date_gmt":"2025-09-03T12:50:09","guid":{"rendered":"https:\/\/totaltogether.com\/over\/"},"modified":"2025-10-28T16:23:06","modified_gmt":"2025-10-28T15:23:06","slug":"about-us","status":"publish","type":"page","link":"https:\/\/totaltogether.com\/es\/about-us\/","title":{"rendered":"Qui\u00e9nes somos"},"content":{"rendered":"<div class=\"wp-block-group alignfull has-background-background-color has-background has-global-padding is-layout-constrained wp-container-core-group-is-layout-7276a2bb wp-block-group-is-layout-constrained\" id=\"over-ons\" style=\"margin-top:0;margin-bottom:0;padding-top:var(--wp--preset--spacing--60);padding-right:var(--wp--preset--spacing--30);padding-bottom:var(--wp--preset--spacing--60);padding-left:var(--wp--preset--spacing--30)\">\n<div class=\"wp-block-columns alignwide are-vertically-aligned-center is-layout-flex wp-container-core-columns-is-layout-47c06fe3 wp-block-columns-is-layout-flex\">\n<div class=\"wp-block-column is-vertically-aligned-center is-layout-flow wp-container-core-column-is-layout-f5bb311e wp-block-column-is-layout-flow\" style=\"flex-basis:50%\">\n<div class=\"wp-block-group has-global-padding is-layout-constrained wp-container-core-group-is-layout-279e0ccb wp-block-group-is-layout-constrained\">\n<figure class=\"wp-block-image size-full has-custom-border\"><img loading=\"lazy\" decoding=\"async\" width=\"1024\" height=\"1024\" src=\"https:\/\/totaltogether.com\/wp-content\/uploads\/2025\/09\/stroopwafel-ecplise-2.jpg\" alt=\"\" class=\"wp-image-228\" style=\"border-radius:20rem;aspect-ratio:3\/4;object-fit:cover\"\/><\/figure>\n<\/div>\n<\/div>\n\n\n\n<div class=\"wp-block-column is-vertically-aligned-center is-layout-flow wp-block-column-is-layout-flow\" style=\"flex-basis:60%\">\n<h2 class=\"wp-block-heading has-large-font-size\">La historia de Total Together<\/h2>\n\n\n\n<p style=\"margin-top:16px\">Total Together comenz\u00f3 como una idea familiar para compartir la magia de un eclipse total de sol. Lo que empez\u00f3 con amigos y familiares pronto se convirti\u00f3 en una comunidad de viajeros curiosos que quieren experimentar la ciencia, la cultura y el asombro codo con codo. No se trata de una agencia de viajes, sino de un encuentro que re\u00fane a la gente bajo el cielo eclipsado.<\/p>\n<\/div>\n<\/div>\n<\/div>\n\n\n\n<div class=\"wp-block-group alignfull has-tertiary-background-color has-background has-global-padding is-layout-constrained wp-container-core-group-is-layout-7276a2bb wp-block-group-is-layout-constrained\" id=\"team\" style=\"margin-top:0;margin-bottom:0;padding-top:var(--wp--preset--spacing--60);padding-right:var(--wp--preset--spacing--30);padding-bottom:var(--wp--preset--spacing--60);padding-left:var(--wp--preset--spacing--30)\">\n<div class=\"wp-block-group has-global-padding is-content-justification-left is-layout-constrained wp-container-core-group-is-layout-8b4c372c wp-block-group-is-layout-constrained\">\n<h3 class=\"wp-block-heading has-text-align-center\" style=\"margin-top:12px\">De perseguir a compartir<\/h3>\n\n\n\n<p class=\"has-text-align-center\" style=\"margin-top:16px\">Conozca a los amigos y exploradores de Total Together, que a\u00fanan curiosidad, cultura y la magia de los eclipses.<\/p>\n<\/div>\n\n\n\n<div class=\"wp-block-columns alignwide is-layout-flex wp-container-core-columns-is-layout-28f84493 wp-block-columns-is-layout-flex\">\n<div class=\"wp-block-column is-layout-flow wp-container-core-column-is-layout-8a368f38 wp-block-column-is-layout-flow\">\n<figure class=\"wp-block-image size-full has-custom-border is-style-default\"><a href=\"https:\/\/totaltogether.com\/es\/more-about-timi-trimmel\/\"><img loading=\"lazy\" decoding=\"async\" width=\"800\" height=\"800\" src=\"https:\/\/totaltogether.com\/wp-content\/uploads\/2025\/09\/timi.jpg\" alt=\"\" class=\"wp-image-434\" style=\"border-top-left-radius:25rem;border-top-right-radius:25rem;aspect-ratio:1;object-fit:cover\" srcset=\"https:\/\/totaltogether.com\/wp-content\/uploads\/2025\/09\/timi.jpg 800w, https:\/\/totaltogether.com\/wp-content\/uploads\/2025\/09\/timi-300x300.jpg 300w, https:\/\/totaltogether.com\/wp-content\/uploads\/2025\/09\/timi-150x150.jpg 150w, https:\/\/totaltogether.com\/wp-content\/uploads\/2025\/09\/timi-768x768.jpg 768w, https:\/\/totaltogether.com\/wp-content\/uploads\/2025\/09\/timi-600x600.jpg 600w, https:\/\/totaltogether.com\/wp-content\/uploads\/2025\/09\/timi-100x100.jpg 100w\" sizes=\"auto, (max-width: 800px) 100vw, 800px\" \/><\/a><\/figure>\n\n\n\n<div class=\"wp-block-group has-background-background-color has-background has-global-padding is-layout-constrained wp-container-core-group-is-layout-3bcd2578 wp-block-group-is-layout-constrained\" style=\"padding-top:24px;padding-right:24px;padding-bottom:24px;padding-left:24px\">\n<h4 class=\"wp-block-heading has-text-align-center\" style=\"font-size:clamp(14px, 0.875rem + ((1vw - 3.2px) * 0.625), 20px);\"><a href=\"https:\/\/totaltogether.com\/es\/more-about-timi-trimmel\/\" title=\"M\u00e1s informaci\u00f3n sobre Timi Trimmel\">Timi Trimmel<\/a><\/h4>\n\n\n\n<p class=\"has-text-align-center has-primary-color has-text-color has-small-font-size\" style=\"margin-top:4px\">Organizaci\u00f3n y acogida<\/p>\n<\/div>\n<\/div>\n\n\n\n<div class=\"wp-block-column is-layout-flow wp-container-core-column-is-layout-8a368f38 wp-block-column-is-layout-flow\">\n<figure class=\"wp-block-image size-full has-custom-border is-style-default\"><a href=\"https:\/\/totaltogether.com\/es\/more-about-rene-veldwijk\/\"><img loading=\"lazy\" decoding=\"async\" width=\"357\" height=\"458\" src=\"https:\/\/totaltogether.com\/wp-content\/uploads\/2025\/09\/rene-veldwijk-mexico-ecplise.jpg\" alt=\"\" class=\"wp-image-404\" style=\"border-top-left-radius:25rem;border-top-right-radius:25rem;aspect-ratio:1;object-fit:cover\" srcset=\"https:\/\/totaltogether.com\/wp-content\/uploads\/2025\/09\/rene-veldwijk-mexico-ecplise.jpg 357w, https:\/\/totaltogether.com\/wp-content\/uploads\/2025\/09\/rene-veldwijk-mexico-ecplise-234x300.jpg 234w\" sizes=\"auto, (max-width: 357px) 100vw, 357px\" \/><\/a><\/figure>\n\n\n\n<div class=\"wp-block-group has-background-background-color has-background has-global-padding is-layout-constrained wp-container-core-group-is-layout-3bcd2578 wp-block-group-is-layout-constrained\" style=\"padding-top:24px;padding-right:24px;padding-bottom:24px;padding-left:24px\">\n<h4 class=\"wp-block-heading has-text-align-center\" style=\"font-size:clamp(14px, 0.875rem + ((1vw - 3.2px) * 0.625), 20px);\"><a href=\"https:\/\/totaltogether.com\/es\/more-about-rene-veldwijk\/\" title=\"M\u00e1s informaci\u00f3n sobre Ren\u00e9 Veldwijk\">Ren\u00e9 Veldwijk<\/a><\/h4>\n\n\n\n<p class=\"has-text-align-center has-primary-color has-text-color has-small-font-size\" style=\"margin-top:4px\">Experto en astronom\u00eda<\/p>\n<\/div>\n<\/div>\n\n\n\n<div class=\"wp-block-column is-layout-flow wp-container-core-column-is-layout-8a368f38 wp-block-column-is-layout-flow\">\n<figure class=\"wp-block-image size-full has-custom-border is-style-default\"><a href=\"https:\/\/totaltogether.com\/es\/more-about-marjan-schnetz\/\"><img loading=\"lazy\" decoding=\"async\" width=\"411\" height=\"532\" src=\"https:\/\/totaltogether.com\/wp-content\/uploads\/2025\/10\/marjan-schnetz-mexico-ecplise.jpg\" alt=\"\" class=\"wp-image-665\" style=\"border-top-left-radius:25rem;border-top-right-radius:25rem;aspect-ratio:1;object-fit:cover\" srcset=\"https:\/\/totaltogether.com\/wp-content\/uploads\/2025\/10\/marjan-schnetz-mexico-ecplise.jpg 411w, https:\/\/totaltogether.com\/wp-content\/uploads\/2025\/10\/marjan-schnetz-mexico-ecplise-232x300.jpg 232w, https:\/\/totaltogether.com\/wp-content\/uploads\/2025\/10\/marjan-schnetz-mexico-ecplise-9x12.jpg 9w\" sizes=\"auto, (max-width: 411px) 100vw, 411px\" \/><\/a><\/figure>\n\n\n\n<div class=\"wp-block-group has-background-background-color has-background has-global-padding is-layout-constrained wp-container-core-group-is-layout-3bcd2578 wp-block-group-is-layout-constrained\" style=\"padding-top:24px;padding-right:24px;padding-bottom:24px;padding-left:24px\">\n<p class=\"has-text-align-center\"><a href=\"https:\/\/totaltogether.com\/es\/more-about-marjan-schnetz\/\" title=\"M\u00e1s informaci\u00f3n sobre Marjan Schnetz\">Marjan Schnetz<\/a><\/p>\n\n\n\n<p class=\"has-text-align-center has-primary-color has-text-color has-small-font-size\" style=\"margin-top:4px\">Cazador de eclipses<\/p>\n<\/div>\n<\/div>\n\n\n\n<div class=\"wp-block-column is-layout-flow wp-container-core-column-is-layout-8a368f38 wp-block-column-is-layout-flow\">\n<figure class=\"wp-block-image size-large has-custom-border is-style-default\"><a href=\"https:\/\/totaltogether.com\/es\/more-about-kokkie-schnetz\/\"><img loading=\"lazy\" decoding=\"async\" width=\"768\" height=\"1024\" src=\"https:\/\/totaltogether.com\/wp-content\/uploads\/2025\/09\/kokkie-schnetz-2-usa-ecplises-768x1024.jpeg\" alt=\"\" class=\"wp-image-314\" style=\"border-top-left-radius:25rem;border-top-right-radius:25rem;aspect-ratio:1;object-fit:cover\" srcset=\"https:\/\/totaltogether.com\/wp-content\/uploads\/2025\/09\/kokkie-schnetz-2-usa-ecplises-768x1024.jpeg 768w, https:\/\/totaltogether.com\/wp-content\/uploads\/2025\/09\/kokkie-schnetz-2-usa-ecplises-225x300.jpeg 225w, https:\/\/totaltogether.com\/wp-content\/uploads\/2025\/09\/kokkie-schnetz-2-usa-ecplises-1152x1536.jpeg 1152w, https:\/\/totaltogether.com\/wp-content\/uploads\/2025\/09\/kokkie-schnetz-2-usa-ecplises-600x800.jpeg 600w, https:\/\/totaltogether.com\/wp-content\/uploads\/2025\/09\/kokkie-schnetz-2-usa-ecplises.jpeg 1200w\" sizes=\"auto, (max-width: 768px) 100vw, 768px\" \/><\/a><\/figure>\n\n\n\n<div class=\"wp-block-group has-background-background-color has-background has-global-padding is-layout-constrained wp-container-core-group-is-layout-3bcd2578 wp-block-group-is-layout-constrained\" style=\"padding-top:24px;padding-right:24px;padding-bottom:24px;padding-left:24px\">\n<h4 class=\"wp-block-heading has-text-align-center\" style=\"font-size:clamp(14px, 0.875rem + ((1vw - 3.2px) * 0.625), 20px);\"><a href=\"https:\/\/totaltogether.com\/es\/more-about-kokkie-schnetz\/\" title=\"M\u00e1s sobre Kokkie Schnetz\">Kokkie Schnetz<\/a><\/h4>\n\n\n\n<p class=\"has-text-align-center has-primary-color has-text-color has-small-font-size\" style=\"margin-top:4px\">Cazador de eclipses<\/p>\n<\/div>\n<\/div>\n\n\n\n<div class=\"wp-block-column is-layout-flow wp-container-core-column-is-layout-8a368f38 wp-block-column-is-layout-flow\">\n<figure class=\"wp-block-image size-full has-custom-border is-style-default\"><a href=\"https:\/\/totaltogether.com\/es\/more-about-edgar-steenwinkel\/\"><img loading=\"lazy\" decoding=\"async\" width=\"1200\" height=\"1600\" src=\"https:\/\/totaltogether.com\/wp-content\/uploads\/2025\/09\/edgar-steenwinkel-usa-eclipse.jpeg\" alt=\"\" class=\"wp-image-392\" style=\"border-top-left-radius:25rem;border-top-right-radius:25rem;aspect-ratio:1;object-fit:cover\"\/><\/a><\/figure>\n\n\n\n<div class=\"wp-block-group has-background-background-color has-background has-global-padding is-layout-constrained wp-container-core-group-is-layout-3bcd2578 wp-block-group-is-layout-constrained\" style=\"padding-top:24px;padding-right:24px;padding-bottom:24px;padding-left:24px\">\n<h4 class=\"wp-block-heading has-text-align-center\" style=\"font-size:clamp(14px, 0.875rem + ((1vw - 3.2px) * 0.625), 20px);\"><a href=\"https:\/\/totaltogether.com\/es\/more-about-edgar-steenwinkel\/\" title=\"M\u00e1s sobre Edgar Steenwinkel\">Edgar Steenwinkel<\/a><\/h4>\n\n\n\n<p class=\"has-text-align-center has-primary-color has-text-color has-small-font-size\" style=\"margin-top:4px\">Astrofot\u00f3grafo<\/p>\n<\/div>\n<\/div>\n<\/div>\n<\/div>","protected":false},"excerpt":{"rendered":"<p>The story behind Total Together Total Together began as a family idea to share the magic of a total solar eclipse. What started with friends and family soon grew into [&hellip;]<\/p>\n","protected":false},"author":1,"featured_media":0,"parent":0,"menu_order":0,"comment_status":"closed","ping_status":"closed","template":"page-with-title","meta":{"_price":"","_stock":"","_tribe_ticket_header":"","_tribe_default_ticket_provider":"","_tribe_ticket_capacity":"0","_ticket_start_date":"","_ticket_end_date":"","_tribe_ticket_show_description":"","_tribe_ticket_show_not_going":false,"_tribe_ticket_use_global_stock":"","_tribe_ticket_global_stock_level":"","_global_stock_mode":"","_global_stock_cap":"","_tribe_rsvp_for_event":"","_tribe_ticket_going_count":"","_tribe_ticket_not_going_count":"","_tribe_tickets_list":"[]","_tribe_ticket_has_attendee_info_fields":false,"_EventAllDay":false,"_EventTimezone":"","_EventStartDate":"","_EventEndDate":"","_EventStartDateUTC":"","_EventEndDateUTC":"","_EventShowMap":false,"_EventShowMapLink":false,"_EventURL":"","_EventCost":"","_EventCostDescription":"","_EventCurrencySymbol":"","_EventCurrencyCode":"","_EventCurrencyPosition":"","_EventDateTimeSeparator":"","_EventTimeRangeSeparator":"","_EventOrganizerID":[],"_EventVenueID":[],"_OrganizerEmail":"","_OrganizerPhone":"","_OrganizerWebsite":"","_VenueAddress":"","_VenueCity":"","_VenueCountry":"","_VenueProvince":"","_VenueState":"","_VenueZip":"","_VenuePhone":"","_VenueURL":"","_VenueStateProvince":"","_VenueLat":"","_VenueLng":"","_VenueShowMap":false,"_VenueShowMapLink":false,"footnotes":"","_tec_slr_enabled":"","_tec_slr_layout":""},"class_list":["post-34","page","type-page","status-publish","hentry"],"aioseo_notices":[],"ticketed":false,"_links":{"self":[{"href":"https:\/\/totaltogether.com\/es\/wp-json\/wp\/v2\/pages\/34","targetHints":{"allow":["GET"]}}],"collection":[{"href":"https:\/\/totaltogether.com\/es\/wp-json\/wp\/v2\/pages"}],"about":[{"href":"https:\/\/totaltogether.com\/es\/wp-json\/wp\/v2\/types\/page"}],"author":[{"embeddable":true,"href":"https:\/\/totaltogether.com\/es\/wp-json\/wp\/v2\/users\/1"}],"replies":[{"embeddable":true,"href":"https:\/\/totaltogether.com\/es\/wp-json\/wp\/v2\/comments?post=34"}],"version-history":[{"count":18,"href":"https:\/\/totaltogether.com\/es\/wp-json\/wp\/v2\/pages\/34\/revisions"}],"predecessor-version":[{"id":929,"href":"https:\/\/totaltogether.com\/es\/wp-json\/wp\/v2\/pages\/34\/revisions\/929"}],"wp:attachment":[{"href":"https:\/\/totaltogether.com\/es\/wp-json\/wp\/v2\/media?parent=34"}],"curies":[{"name":"wp","href":"https:\/\/api.w.org\/{rel}","templated":true}]}}