{"id":158,"date":"2025-09-10T12:44:50","date_gmt":"2025-09-10T10:44:50","guid":{"rendered":"https:\/\/totaltogether.com\/?page_id=158"},"modified":"2025-10-31T10:20:11","modified_gmt":"2025-10-31T09:20:11","slug":"more-about-timi-trimmel","status":"publish","type":"page","link":"https:\/\/totaltogether.com\/es\/more-about-timi-trimmel\/","title":{"rendered":"M\u00e1s informaci\u00f3n sobre Timi Trimmel"},"content":{"rendered":"<h3 class=\"wp-block-heading\"><br>Ra\u00edces y visi\u00f3n<\/h3>\n\n\n\n<p>Timi Trimmel es una especialista multiling\u00fce en proyectos y operaciones, coordinadora y rostro acogedor de nuestro viaje al eclipse. Originaria de Hungr\u00eda y residente en Tarifa (M\u00e1laga es su base), lleva varios a\u00f1os viviendo en Espa\u00f1a. <br><br>Con experiencia profesional en hosteler\u00eda, producci\u00f3n cinematogr\u00e1fica, planificaci\u00f3n de eventos y desarrollo sostenible, aporta estructura y coraz\u00f3n a la gira.<\/p>\n\n\n\n<h4 class=\"wp-block-heading\"><strong>Trayectoria y finalidad<\/strong><\/h4>\n\n\n\n<p>Su trayectoria ha estado marcada por la escritura, los proyectos comunitarios y su amor por la naturaleza. Le apasiona crear experiencias significativas que conecten a las personas con la naturaleza y entre s\u00ed, siguiendo los principios del slow travel y el turismo responsable. <br><br>Cree que explorar el mundo puede dejar una huella positiva, tanto en las personas como en el planeta.<\/p>\n\n\n\n<h4 class=\"wp-block-heading\"><strong>Viaje al mundo de los eclipses<\/strong><\/h4>\n\n\n\n<p>Cuando Marjan y Ren\u00e9 le hablaron por primera vez de la existencia de los cazadores de eclipses, Timi lo encontr\u00f3 fascinante y un poco loco, en el mejor de los sentidos. No pod\u00eda imaginarse a s\u00ed misma convirti\u00e9ndose en uno de ellos, al menos no de inmediato. Pero cuando Marjan y Ren\u00e9 la invitaron a la Conferencia sobre Eclipses de Lovaina, ya no hubo vuelta atr\u00e1s. La energ\u00eda que experiment\u00f3 all\u00ed fue tan \u00fanica y acogedora que supo que no pod\u00eda perderse la oportunidad de unirse a ellos en futuros eclipses.<\/p>\n\n\n\n<p>Empez\u00f3 poco a poco: comprobando rutas, explorando lugares, asegur\u00e1ndose de tener acceso a recursos locales, buenas carreteras y Wi-Fi fiable. Su fuerza reside en crear orden sin perder espontaneidad. Es capaz de gestionar la log\u00edstica de un viaje de cincuenta personas -hoteles, transportes, permisos- y, aun as\u00ed, apartarse para maravillarse ante la tranquilidad que precede a la totalidad.<\/p>\n\n\n\n<h4 class=\"wp-block-heading\"><strong>Guiados por la mente y el alma<\/strong><\/h4>\n\n\n\n<p>Atra\u00edda por los paisajes abiertos del sur de Espa\u00f1a y la cultura y el clima del norte, Timi se siente m\u00e1s en paz rodeada de naturaleza: monta\u00f1as, mar y su fiel compa\u00f1ero de viaje, un bull terrier que rara vez se pierde una aventura. <br><br>Ama la libertad, cree que las monta\u00f1as calman la mente y el oc\u00e9ano cura el alma. \u00bfY el cielo? Ah\u00ed es donde la mente y el alma se unen en el asombro.<\/p>","protected":false},"excerpt":{"rendered":"<p>Roots and Vision Timi Trimmel is a multilingual project and operations specialist, the coordinator and welcoming face of our eclipse journey. Originally from Hungary and now calling Tarifa home \u2014 [&hellip;]<\/p>\n","protected":false},"author":1,"featured_media":0,"parent":0,"menu_order":0,"comment_status":"closed","ping_status":"closed","template":"page-with-title","meta":{"_price":"","_stock":"","_tribe_ticket_header":"","_tribe_default_ticket_provider":"","_tribe_ticket_capacity":"0","_ticket_start_date":"","_ticket_end_date":"","_tribe_ticket_show_description":"","_tribe_ticket_show_not_going":false,"_tribe_ticket_use_global_stock":"","_tribe_ticket_global_stock_level":"","_global_stock_mode":"","_global_stock_cap":"","_tribe_rsvp_for_event":"","_tribe_ticket_going_count":"","_tribe_ticket_not_going_count":"","_tribe_tickets_list":"[]","_tribe_ticket_has_attendee_info_fields":false,"_EventAllDay":false,"_EventTimezone":"","_EventStartDate":"","_EventEndDate":"","_EventStartDateUTC":"","_EventEndDateUTC":"","_EventShowMap":false,"_EventShowMapLink":false,"_EventURL":"","_EventCost":"","_EventCostDescription":"","_EventCurrencySymbol":"","_EventCurrencyCode":"","_EventCurrencyPosition":"","_EventDateTimeSeparator":"","_EventTimeRangeSeparator":"","_EventOrganizerID":[],"_EventVenueID":[],"_OrganizerEmail":"","_OrganizerPhone":"","_OrganizerWebsite":"","_VenueAddress":"","_VenueCity":"","_VenueCountry":"","_VenueProvince":"","_VenueState":"","_VenueZip":"","_VenuePhone":"","_VenueURL":"","_VenueStateProvince":"","_VenueLat":"","_VenueLng":"","_VenueShowMap":false,"_VenueShowMapLink":false,"footnotes":"","_tec_slr_enabled":"","_tec_slr_layout":""},"class_list":["post-158","page","type-page","status-publish","hentry"],"aioseo_notices":[],"ticketed":false,"_links":{"self":[{"href":"https:\/\/totaltogether.com\/es\/wp-json\/wp\/v2\/pages\/158","targetHints":{"allow":["GET"]}}],"collection":[{"href":"https:\/\/totaltogether.com\/es\/wp-json\/wp\/v2\/pages"}],"about":[{"href":"https:\/\/totaltogether.com\/es\/wp-json\/wp\/v2\/types\/page"}],"author":[{"embeddable":true,"href":"https:\/\/totaltogether.com\/es\/wp-json\/wp\/v2\/users\/1"}],"replies":[{"embeddable":true,"href":"https:\/\/totaltogether.com\/es\/wp-json\/wp\/v2\/comments?post=158"}],"version-history":[{"count":11,"href":"https:\/\/totaltogether.com\/es\/wp-json\/wp\/v2\/pages\/158\/revisions"}],"predecessor-version":[{"id":927,"href":"https:\/\/totaltogether.com\/es\/wp-json\/wp\/v2\/pages\/158\/revisions\/927"}],"wp:attachment":[{"href":"https:\/\/totaltogether.com\/es\/wp-json\/wp\/v2\/media?parent=158"}],"curies":[{"name":"wp","href":"https:\/\/api.w.org\/{rel}","templated":true}]}}