{"id":1024,"date":"2026-02-14T11:54:19","date_gmt":"2026-02-14T10:54:19","guid":{"rendered":"https:\/\/totaltogether.com\/?page_id=1024"},"modified":"2026-04-05T13:09:20","modified_gmt":"2026-04-05T11:09:20","slug":"halo","status":"publish","type":"page","link":"https:\/\/totaltogether.com\/es\/halo\/","title":{"rendered":"HALO"},"content":{"rendered":"<p>HALO (Human Alignment during a Lunar Occultation of the Sun) es un proyecto de campo internacional que documenta c\u00f3mo la gente experimenta colectivamente la totalidad durante el eclipse solar del 12 de agosto de 2026.<\/p>\n\n\n\n<h3 class=\"wp-block-heading\">Sensaciones<\/h3>\n\n\n\n<p>Un eclipse total es algo m\u00e1s que oscuridad durante unos minutos. La gente nota cambios por todas partes: en el cielo, en el suelo, en los animales y en ellos mismos. Hay un silencio repentino, excitaci\u00f3n, emoci\u00f3n y una fuerte sensaci\u00f3n de compartir el momento con los dem\u00e1s.<\/p>\n\n\n\n<p>Estas emociones compartidas son importantes. Influyen en c\u00f3mo nos sentimos conectados y c\u00f3mo recordamos momentos importantes. Sin embargo, rara vez se recogen m\u00e1s all\u00e1 de historias personales, fotos o v\u00eddeos.<\/p>\n\n\n\n<p>HALO a\u00fana este acontecimiento natural y las sensaciones humanas.<\/p>\n\n\n\n<h3 class=\"wp-block-heading\">Qu\u00e9 hace HALO<\/h3>\n\n\n\n<p>HALO alinea tres capas durante un eclipse solar total y re\u00fane el cronograma astron\u00f3mico fijo, las sensaciones humanas en una ubicaci\u00f3n espec\u00edfica y reflexiones cortas y voluntarias.<\/p>\n\n\n\n<p>En lugar de reducir el momento a promedios, HALO preserva la variaci\u00f3n entre personas y a lo largo del tiempo.<\/p>\n\n\n\n<p>El objetivo no es puntuar o diagnosticar a individuos, sino hacer visibles patrones colectivos. Toda participaci\u00f3n es voluntaria y an\u00f3nima, en pleno cumplimiento de la normativa europea sobre privacidad.<\/p>\n\n\n\n<h3 class=\"wp-block-heading\">Participa en HALO<\/h3>\n\n\n\n<p>HALO combina diferentes tipos de entrada a lo largo de la trayectoria de totalidad. Puedes contribuir de varias maneras:<\/p>\n\n\n\n<ul class=\"wp-block-list\">\n<li><strong>Comparte experiencias pasadas<\/strong><br>Comparte tu recuerdo de un eclipse solar total anterior a trav\u00e9s de <a href=\"https:\/\/halo-v1-1086010481013.us-west1.run.app\/\" target=\"_blank\" rel=\"noopener\" title=\"\">encuesta breve en l\u00ednea <\/a>.<\/li>\n\n\n\n<li>\n  <strong>Usa la app HALO durante el eclipse<\/strong><br>\n  Responde a indicaciones cortas en momentos clave para capturar la experiencia del momento.<br>\n  <em>Pr\u00f3ximamente en la App Store y Google Play.<\/em>\n<\/li>\n\n\n\n<li><strong>Registrar observaciones<\/strong><br>Captura audio, video o cambios en la luz y el color utilizando herramientas existentes.<\/li>\n\n\n\n<li><strong>\u00danete como grupo o sitio de campo<\/strong><br>Participa conjuntamente o colabora como socio de investigaci\u00f3n.<\/li>\n<\/ul>\n\n\n\n<p>Todas las contribuciones son voluntarias y an\u00f3nimas.<\/p>\n\n\n\n<h3 class=\"wp-block-heading\">Por qu\u00e9 un eclipse total de sol<\/h3>\n\n\n\n<p>Un eclipse total de sol ofrece un punto de referencia \u00fanico. Todo el mundo comparte la misma l\u00ednea temporal externa, mientras que las reacciones individuales siguen siendo libres de variar.<\/p>\n\n\n\n<p>La secuencia es clara y predecible:<br>primer contacto, eclipse parcial, totalidad, retorno repentino de la luz.<\/p>\n\n\n\n<p>Esto hace que un eclipse total sea una oportunidad excepcional para alinear el cambio medioambiental y la experiencia humana en grandes regiones geogr\u00e1ficas en el mismo momento.<\/p>\n\n\n\n<h3 class=\"wp-block-heading\">Despliegue sobre el terreno<\/h3>\n\n\n\n<p>El primer despliegue a gran escala de HALO tendr\u00e1 lugar durante el eclipse total de sol del 12 de agosto de 2026.<\/p>\n\n\n\n<p>Est\u00e1 previsto un despliegue ampliado para el eclipse del 2 de agosto de 2027.<\/p>\n\n\n\n<h3 class=\"wp-block-heading\">Calendario de desarrollo<\/h3>\n\n\n\n<p>Actualmente se est\u00e1n llevando a cabo los preparativos y el desarrollo t\u00e9cnico para el despliegue de 2026.<\/p>\n\n\n\n<details>\n  <summary><strong>Ver el calendario de desarrollo detallado<\/strong><\/summary>\n<section class=\"halo-timeline\">\n  <div class=\"timeline-item\">\n    <div class=\"dot\"><\/div>\n    <div class=\"content\">\n      <h3>Enero de 2026<\/h3>\n      <p>Dise\u00f1o y desarrollo conceptual de aplicaciones.<br>\n      Flujo de usuarios y arquitectura t\u00e9cnica.<\/p>\n    <\/div>\n  <\/div>\n  <div class=\"timeline-item\">\n    <div class=\"dot\"><\/div>\n    <div class=\"content\">\n      <h3>Finales de febrero de 2026<\/h3>\n      <p>Comienza la investigaci\u00f3n de v\u00eddeo y audio.<br>\n      Colaboraci\u00f3n con la Universidad de Ciencias Aplicadas de La Haya.<\/p>\n    <\/div>\n  <\/div>\n  <div class=\"timeline-item\">\n    <div class=\"dot\"><\/div>\n    <div class=\"content\">\n      <h3>Marzo de 2026<\/h3>\n      <p>Comienza la construcci\u00f3n de la aplicaci\u00f3n.<br>\n      Desarrollo operativo + pista exploratoria de wearables.<\/p>\n    <\/div>\n  <\/div>\n  <div class=\"timeline-item\">\n    <div class=\"dot\"><\/div>\n    <div class=\"content\">\n      <h3>Abril-julio 2026<\/h3>\n      <p>Desarrollo, integraci\u00f3n y pruebas.<br>\n      Coordinaci\u00f3n de campo a trav\u00e9s de la trayectoria del eclipse.<\/p>\n    <\/div>\n  <\/div>\n  <div class=\"timeline-item peak\">\n    <div class=\"dot\"><\/div>\n    <div class=\"content\">\n      <h3>12 de agosto de 2026<\/h3>\n      <p><strong>DESPLIEGUE SOBRE EL TERRENO.<\/strong><br>\n      Alineaci\u00f3n en tiempo real de fases y sensaciones colectivas.<\/p>\n    <\/div>\n  <\/div>\n  <div class=\"timeline-item\">\n    <div class=\"dot\"><\/div>\n    <div class=\"content\">\n      <h3>Finales de 2026 - Afterglow<\/h3>\n      <p>Visualizaci\u00f3n digital y f\u00edsica.<br>\n      Revisi\u00f3n y perfeccionamiento estructurados.<\/p>\n    <\/div>\n  <\/div>\n  <div class=\"timeline-item\">\n    <div class=\"dot\"><\/div>\n    <div class=\"content\">\n      <h3>2027<\/h3>\n      <p>Fase de expansi\u00f3n.<br>\n      Despliegue m\u00e1s amplio durante el eclipse del 2 de agosto de 2027.<\/p>\n    <\/div>\n  <\/div>\n  <div class=\"timeline-footer\">\n    \u00a9 HALO ECLIPSE 2026\n  <\/div>\n<\/section>\n<\/details>\n\n\n\n<h3 class=\"wp-block-heading\">Contacto<\/h3>\n\n\n\n<p>Marjan Schnetz<br>Fundador, HALO<br>Correo electr\u00f3nico: <a>info@moonmeetssun.com<\/a><br>Localizaci\u00f3n: Espa\u00f1a \/ Pa\u00edses Bajos<\/p>\n\n\n\n<p>Timi Trimmel<br>Total Together<br>Correo electr\u00f3nico: timi.trimmel@totaltogether.com<br>Localizaci\u00f3n: Espa\u00f1a<\/p>","protected":false},"excerpt":{"rendered":"<p>HALO (Human Alignment during a Lunar Occultation of the Sun) is an international field project documenting how people collectively experience totality during the 12 August 2026 solar eclipse. Sensations A [&hellip;]<\/p>\n","protected":false},"author":1,"featured_media":0,"parent":0,"menu_order":0,"comment_status":"closed","ping_status":"closed","template":"page-with-title","meta":{"_price":"","_stock":"","_tribe_ticket_header":"","_tribe_default_ticket_provider":"","_tribe_ticket_capacity":"0","_ticket_start_date":"","_ticket_end_date":"","_tribe_ticket_show_description":"","_tribe_ticket_show_not_going":false,"_tribe_ticket_use_global_stock":"","_tribe_ticket_global_stock_level":"","_global_stock_mode":"","_global_stock_cap":"","_tribe_rsvp_for_event":"","_tribe_ticket_going_count":"","_tribe_ticket_not_going_count":"","_tribe_tickets_list":"[]","_tribe_ticket_has_attendee_info_fields":false,"_EventAllDay":false,"_EventTimezone":"","_EventStartDate":"","_EventEndDate":"","_EventStartDateUTC":"","_EventEndDateUTC":"","_EventShowMap":false,"_EventShowMapLink":false,"_EventURL":"","_EventCost":"","_EventCostDescription":"","_EventCurrencySymbol":"","_EventCurrencyCode":"","_EventCurrencyPosition":"","_EventDateTimeSeparator":"","_EventTimeRangeSeparator":"","_EventOrganizerID":[],"_EventVenueID":[],"_OrganizerEmail":"","_OrganizerPhone":"","_OrganizerWebsite":"","_VenueAddress":"","_VenueCity":"","_VenueCountry":"","_VenueProvince":"","_VenueState":"","_VenueZip":"","_VenuePhone":"","_VenueURL":"","_VenueStateProvince":"","_VenueLat":"","_VenueLng":"","_VenueShowMap":false,"_VenueShowMapLink":false,"footnotes":"","_tec_slr_enabled":"","_tec_slr_layout":""},"class_list":["post-1024","page","type-page","status-publish","hentry"],"aioseo_notices":[],"jetpack_sharing_enabled":true,"ticketed":false,"_links":{"self":[{"href":"https:\/\/totaltogether.com\/es\/wp-json\/wp\/v2\/pages\/1024","targetHints":{"allow":["GET"]}}],"collection":[{"href":"https:\/\/totaltogether.com\/es\/wp-json\/wp\/v2\/pages"}],"about":[{"href":"https:\/\/totaltogether.com\/es\/wp-json\/wp\/v2\/types\/page"}],"author":[{"embeddable":true,"href":"https:\/\/totaltogether.com\/es\/wp-json\/wp\/v2\/users\/1"}],"replies":[{"embeddable":true,"href":"https:\/\/totaltogether.com\/es\/wp-json\/wp\/v2\/comments?post=1024"}],"version-history":[{"count":37,"href":"https:\/\/totaltogether.com\/es\/wp-json\/wp\/v2\/pages\/1024\/revisions"}],"predecessor-version":[{"id":1127,"href":"https:\/\/totaltogether.com\/es\/wp-json\/wp\/v2\/pages\/1024\/revisions\/1127"}],"wp:attachment":[{"href":"https:\/\/totaltogether.com\/es\/wp-json\/wp\/v2\/media?parent=1024"}],"curies":[{"name":"wp","href":"https:\/\/api.w.org\/{rel}","templated":true}]}}